{"id":67,"date":"2014-08-20T12:38:06","date_gmt":"2014-08-20T12:38:06","guid":{"rendered":"http:\/\/www.nachhaltigkeit-ingna.ch\/wordpress\/wordpress\/wordpress\/wordpresswordpress\/?page_id=67"},"modified":"2025-05-28T14:30:51","modified_gmt":"2025-05-28T12:30:51","slug":"home","status":"publish","type":"page","link":"https:\/\/www.nachhaltigkeit-ingna.ch\/wordpress\/","title":{"rendered":"HOME"},"content":{"rendered":"<div class='aviaccordion aviaccordion-title-active' style='max-height:423px' data-av-maxheight='423' data-autoplay='false' data-interval='5'   itemscope=\"itemscope\" itemtype=\"https:\/\/schema.org\/Blog\" ><ul class='aviaccordion-inner'><li class='aviaccordion-slide aviaccordion-slide-1' style='left:0%' data-av-left='0'  itemscope=\"itemscope\" itemtype=\"https:\/\/schema.org\/CreativeWork\" ><a class='aviaccordion-slide-link noHover' href='' ><div class='aviaccordion-preview  ' style='width:34.1%'><div class='aviaccordion-preview-title-pos'><div class='aviaccordion-preview-title-wrap'><div class='aviaccordion-preview-title'><div class='aviaccordion-excerpt'   itemprop=\"text\" ><\/p>\n<h3>BAUBERATUNG \/ BAUHERREN-BERATUNG<\/h3>\n<p>Nachhaltig zu bauen bedeutet schon bei der Planung belastende oder krankmachende Stoffe wegzulassen. Wir zeigen Ihnen was zu beachten ist, um gesund zu bauen.<\/p>\n<p>&gt; mehr erfahren<\/p>\n<\/div><\/div><\/div><\/div><\/div><img loading=\"lazy\" decoding=\"async\" width=\"1200\" height=\"423\" src=\"https:\/\/www.nachhaltigkeit-ingna.ch\/wordpress\/wp-content\/uploads\/2015\/01\/X_Home_Bauberatung_2-1200x423.jpg\" class=\"aviaccordion-image\" alt=\"Bauberatung ingna\" \/><\/a><\/li><li class='aviaccordion-slide aviaccordion-slide-2' style='left:33.333333333333%' data-av-left='33.333333333333'  itemscope=\"itemscope\" itemtype=\"https:\/\/schema.org\/CreativeWork\" ><a class='aviaccordion-slide-link noHover' href='https:\/\/www.nachhaltigkeit-ingna.ch\/wordpress\/wp-content\/uploads\/2022\/01\/LifestyleMeasure_Spruch-1030x288.jpg' ><div class='aviaccordion-preview  ' style='width:34.1%'><div class='aviaccordion-preview-title-pos'><div class='aviaccordion-preview-title-wrap'><div class='aviaccordion-preview-title'><div class='aviaccordion-excerpt'   itemprop=\"text\" ><\/p>\n<h3>MESSTECHNIK-Innenraum EMV-NIS bis ESMOG<\/h3>\n<p>Wir analysieren Ihre R\u00e4ume mit professioneller Messtechnik nach wissenschaftlich fundierten Messmethoden.<br \/>\n&gt; mehr erfahren<\/p>\n<\/div><\/div><\/div><\/div><\/div><img loading=\"lazy\" decoding=\"async\" width=\"1210\" height=\"422\" src=\"https:\/\/www.nachhaltigkeit-ingna.ch\/wordpress\/wp-content\/uploads\/2022\/01\/LifestyleMeasure_Spruch-1210x422.jpg\" class=\"aviaccordion-image\" alt=\"\" \/><\/a><\/li><li class='aviaccordion-slide aviaccordion-slide-3' style='left:66.666666666667%' data-av-left='66.666666666667'  itemscope=\"itemscope\" itemtype=\"https:\/\/schema.org\/CreativeWork\" ><a class='aviaccordion-slide-link noHover' href='' ><div class='aviaccordion-preview  ' style='width:34.1%'><div class='aviaccordion-preview-title-pos'><div class='aviaccordion-preview-title-wrap'><div class='aviaccordion-preview-title'><div class='aviaccordion-excerpt'   itemprop=\"text\" ><\/p>\n<h3>LABOR-ANALYTIK &#8211; BAUCHEMIE<\/h3>\n<p>Unser Innenraumschadstoff-Labor: Von Probenahmen bis zur chemischen Laborauswertung bieten wir Ihnen alles aus einer Hand. Streng nach Norm EN ISO 17025 sind alle Schritte in unser QS-System integriert. Das schafft f\u00fcr Sie nachweisbare Qualit\u00e4t.<\/p>\n<p>&gt; mehr erfahren<\/p>\n<\/div><\/div><\/div><\/div><\/div><img loading=\"lazy\" decoding=\"async\" width=\"1200\" height=\"423\" src=\"https:\/\/www.nachhaltigkeit-ingna.ch\/wordpress\/wp-content\/uploads\/2014\/08\/Ingna_Labor-Analytik_1200x516-1200x423.jpg\" class=\"aviaccordion-image\" alt=\"Labor-Analytik - Innenraumdiagnostik - ingna\" \/><\/a><\/li><\/ul><div class='aviaccordion-spacer' style='padding-bottom:34.95867768595%'><\/div><\/div>\n<div class=\"flex_column av_one_full  flex_column_div av-zero-column-padding first  \" style='border-radius:0px; '><p><div style='padding-bottom:10px;' class='av-special-heading av-special-heading-h1  blockquote modern-quote '><h1 class='av-special-heading-tag'  itemprop=\"headline\"  >ingna &#8211; Die Experten f\u00fcr belastungsarme Technik und gesundes Bauen<\/h1><div class='special-heading-border'><div class='special-heading-inner-border' ><\/div><\/div><\/div><br \/>\n<section class=\"av_textblock_section\"  itemscope=\"itemscope\" itemtype=\"https:\/\/schema.org\/CreativeWork\" ><div class='avia_textblock '   itemprop=\"text\" ><p><strong>Hat Ihre Haustechnik immer wieder Ausf\u00e4lle?<br \/>\noder gar<\/strong><br \/>\n<strong>Schlafen Sie schlecht? Stete Unruhe?<br \/>\nHaben Sie neue Technik im Haus installiert? PV-Anlagen ?\/ Klima-Anlagen ?<\/strong><br \/>\n<strong> Brummt es,\u00a0 unruhig im Haus\/ ev. ein Infraschall-Problem?<\/strong><\/p>\n<p><strong>Das Ingenieurb\u00fcro f\u00fcr Nachhaltigkeit k\u00fcmmert sich bei Ihrem Bauvorhaben und bei der Nutzung Ihrer R\u00e4ume um die Vermeidung von Belastungen.<\/strong><br \/>\n<strong> Sonder-Ingenieurb\u00fcro f\u00fcr:<\/strong><br \/>\n<strong> . Physik, EMV &#8211; NIS \/ Elektrosmog \/ Dirty Power<\/strong><\/p>\n<p><strong>Dies sind unsere Arbeitsgebiete in Beratung und gesamter Messtechnik.<\/strong><\/p>\n<h4>\u00a0Wir verstehen Geb\u00e4ude und machen sie gesund &#8211; ob Privat oder der Firmensitz!<\/h4>\n<h4>Gesunde Technik \/ Innenr\u00e4ume mit sp\u00fcrbarer Wirkung &#8211; since 2001<\/h4>\n<\/div><\/section><br \/>\n<div  class='hr hr-default '><span class='hr-inner ' ><span class='hr-inner-style'><\/span><\/span><\/div><br \/>\n<div style='padding-bottom:10px;' class='av-special-heading av-special-heading-h2  blockquote modern-quote  '><h2 class='av-special-heading-tag'  itemprop=\"headline\"  >Unser gemeinsames Ziel<\/h2><div class='special-heading-border'><div class='special-heading-inner-border' ><\/div><\/div><\/div><br \/>\n<section class=\"av_textblock_section\"  itemscope=\"itemscope\" itemtype=\"https:\/\/schema.org\/CreativeWork\" ><div class='avia_textblock '   itemprop=\"text\" ><p><strong>R\u00e4ume der St\u00f6rungsfreien Technik heisst zugleich auch R\u00e4ume des Wohlbefindens im Privatbereich <\/strong>\u00a0f\u00fcr den<strong><br \/>\nArbeitsbereich: R\u00e4ume der Produktivit\u00e4t <\/strong>und<strong> Effizienz.<br \/>\n<\/strong>Wir verbinden einzigartig die Vorteile der \u00abArbeit im Feld\u00bb in Kombination und Erg\u00e4nzung mit der analytischen Auswertung, die zur <strong>l\u00f6sungsorientierten Beratung<\/strong> f\u00fchrt.<\/p>\n<p><strong>EIN<\/strong> <strong>Ansprechpartner<\/strong> (SPOC:= Single Point of Contact) f\u00fcr alle Ihre Fragen um das belastungsarme Bauen.<\/p>\n<p>Von der strategischen Planung bis zur Bau-Endabnahme sind wir Ihr &#8222;Gewissen der St\u00f6rungsfreiheit und Gesundheit&#8220; \/ Experten f\u00fcr belastungsarmes Bauen.<\/p>\n<p>Weiter noch, bis zur Nutzung des Geb\u00e4udes, f\u00fcr optimale Wohn- und Arbeitsr\u00e4ume.<\/p>\n<p>Rufen Sie uns unverbindlich an unter <a href=\"tel:+41415005020\">\u00a0<strong>+41 41 500 5020<\/strong><\/a> oder f\u00fcllen Sie unser <a href=\"https:\/\/www.nachhaltigkeit-ingna.ch\/ueber-ingna\/kontaktseite\/\">Kontaktformular<\/a> aus. Wir beantworten gerne alle Ihre Fragen!<\/p>\n<\/div><\/section><br \/>\n<div class='avia-button-wrap avia-button-left '><a href='https:\/\/www.nachhaltigkeit-ingna.ch\/wordpress\/ueber-ingna\/kontaktseite\/' class='avia-button  avia-icon_select-no avia-color-theme-color-highlight avia-size-medium avia-position-left '   ><span class='avia_iconbox_title' >Nehmen Sie mit uns Kontakt auf<\/span><\/a><\/div><br \/>\n<div  class='hr hr-default '><span class='hr-inner ' ><span class='hr-inner-style'><\/span><\/span><\/div><\/p><\/div>\n<div style='padding-bottom:20px;' class='av-special-heading av-special-heading-h1  blockquote modern-quote  '><h1 class='av-special-heading-tag'  itemprop=\"headline\"  >Unsere 3 Kernkompetenzen<\/h1><div class='special-heading-border'><div class='special-heading-inner-border' ><\/div><\/div><\/div>\n<div class=\"flex_column av_one_full  flex_column_div av-zero-column-padding first  \" style='border-radius:0px; '><section class=\"av_textblock_section\"  itemscope=\"itemscope\" itemtype=\"https:\/\/schema.org\/CreativeWork\" ><div class='avia_textblock '   itemprop=\"text\" ><h2>1. Bauberatung- feldminimale Elektrotechnik -Gesunde Innenr\u00e4ume<\/h2>\n<\/div><\/section><br \/>\n<div class='avia-image-container  av-styling-   avia-align-center '  itemscope=\"itemscope\" itemtype=\"https:\/\/schema.org\/ImageObject\"  ><div class='avia-image-container-inner'><img class='avia_image ' src='https:\/\/www.nachhaltigkeit-ingna.ch\/wordpress\/wp-content\/uploads\/2015\/01\/X_Home_Bauberatung_2.jpg' alt='Bauberatung ingna' title='Bauberatung ingna'   itemprop=\"contentURL\"  \/><\/div><\/div><br \/>\n<section class=\"av_textblock_section\"  itemscope=\"itemscope\" itemtype=\"https:\/\/schema.org\/CreativeWork\" ><div class='avia_textblock '   itemprop=\"text\" ><p>Ob Sie einen Neubau planen oder in der Planung zum Umbau (Bauen im Bestand) sind \u2013 Sie k\u00f6nnen enorm viel zus\u00e4tzlich in Ihre Immobilie reinbringen mit den Vorgehensweisen der nachhaltigen Planung.<br \/>\nStichworte unserer Dienstleistungen:<\/p>\n<ul>\n<li>Messtechnik ab der gr\u00fcnen Wiese \u2013 Unterst\u00fctzung in der strategischen Planung von Geb\u00e4uden.<\/li>\n<li>Grenzwertnachweise Bauen an Hochspannungsleitungen\/ Eisenbahnlinien &#8211; NISV\/Medizinaltechnik-R\u00e4ume\/<\/li>\n<\/ul>\n<p>Unsere Referenzen seit 2001: viele Geb\u00e4ude mit Nachhaltigkeitslabels DGNB\/ Leed \/ SNBS, minergie ECO\u00ae \u2013 oder einfach gesund! Die nachhaltige und\u00a0 erfolgreiche Immobilie? Genau Ihr Ding?<\/p>\n<\/div><\/section><br \/>\n<div class='avia-button-wrap avia-button-left '><a href='' class='avia-button  avia-icon_select-no avia-color-theme-color avia-size-medium avia-position-left '   ><span class='avia_iconbox_title' >Probleml\u00f6sung gesucht ? Nehmen Sie mit uns Kontakt auf<\/span><\/a><\/div><br \/>\n<section class=\"av_textblock_section\"  itemscope=\"itemscope\" itemtype=\"https:\/\/schema.org\/CreativeWork\" ><div class='avia_textblock '   itemprop=\"text\" ><p>&gt; mehr \u00fcber <a href=\"https:\/\/www.nachhaltigkeit-ingna.ch\/bauberatung\/\">BAUBERATUNG<\/a><\/p>\n<\/div><\/section><br \/>\n<div  class='hr hr-default '><span class='hr-inner ' ><span class='hr-inner-style'><\/span><\/span><\/div><\/p><\/div>\n<div class=\"flex_column av_one_full  flex_column_div av-zero-column-padding first  \" style='border-radius:0px; '><section class=\"av_textblock_section\"  itemscope=\"itemscope\" itemtype=\"https:\/\/schema.org\/CreativeWork\" ><div class='avia_textblock '   itemprop=\"text\" ><h2>2. Messtechnik &#8211; Probenahmen<br \/>\n==&gt; Wir haben die Mess &#8211; L\u00f6sungs-Strategie<\/h2>\n<\/div><\/section><br \/>\n<div class='avia-image-container  av-styling-   avia-align-center '  itemscope=\"itemscope\" itemtype=\"https:\/\/schema.org\/ImageObject\"  ><div class='avia-image-container-inner'><img class='avia_image ' src='https:\/\/www.nachhaltigkeit-ingna.ch\/wordpress\/wp-content\/uploads\/2014\/08\/Ingna_Messtechnik_1200x516.jpg' alt='Messtechnik - Lebensraum analysieren, Belastungen erkennen und beseitigen - ingna' title='Ingna_Messtechnik_1200x516'   itemprop=\"contentURL\"  \/><\/div><\/div><br \/>\n<section class=\"av_textblock_section\"  itemscope=\"itemscope\" itemtype=\"https:\/\/schema.org\/CreativeWork\" ><div class='avia_textblock '   itemprop=\"text\" ><p>Sie ben\u00f6tigen exakte, verl\u00e4ssliche Messdaten und normengerechte Bewertungen mit h\u00f6chster Genauigkeit?<\/p>\n<ul>\n<li><strong>Physik:<\/strong> EMV &#8211; NIS\/ Elektromagnetische Felder \/ Netzqualit\u00e4ts-Analysen \/ Kriechstr\u00f6me \/ vagabundierende Str\u00f6me<\/li>\n<\/ul>\n<p>Melden Sie sich f\u00fcr die exaktesten mobilen Messerfassungen mit unseren jahrzentelangen Erfahrungen.<\/p>\n<\/div><\/section><br \/>\n<div class='avia-button-wrap avia-button-left '><a href='https:\/\/www.nachhaltigkeit-ingna.ch\/wordpress\/ueber-ingna\/kontaktseite\/' class='avia-button  avia-icon_select-no avia-color-theme-color avia-size-medium avia-position-left '   ><span class='avia_iconbox_title' >Nehmen Sie mit uns Kontakt auf<\/span><\/a><\/div><br \/>\n<section class=\"av_textblock_section\"  itemscope=\"itemscope\" itemtype=\"https:\/\/schema.org\/CreativeWork\" ><div class='avia_textblock '   itemprop=\"text\" ><p>&gt; mehr \u00fcber <a href=\"https:\/\/www.nachhaltigkeit-ingna.ch\/messtechnik\/\">MESSTECHNIK<\/a><\/p>\n<\/div><\/section><br \/>\n<div  class='hr hr-default '><span class='hr-inner ' ><span class='hr-inner-style'><\/span><\/span><\/div><\/p><\/div>\n<div class=\"flex_column av_one_full  flex_column_div av-zero-column-padding first  \" style='border-radius:0px; '><section class=\"av_textblock_section\"  itemscope=\"itemscope\" itemtype=\"https:\/\/schema.org\/CreativeWork\" ><div class='avia_textblock '   itemprop=\"text\" ><h2>3. Labor\u00a0 \u00a0Analytik der Bauchemie SN EN ISO 17025<\/h2>\n<div class=\"avia-modal-inner-footer\"><\/div>\n<\/div><\/section><br \/>\n<div class='avia-image-container  av-styling-   avia-align-center '  itemscope=\"itemscope\" itemtype=\"https:\/\/schema.org\/ImageObject\"  ><div class='avia-image-container-inner'><img class='avia_image ' src='https:\/\/www.nachhaltigkeit-ingna.ch\/wordpress\/wp-content\/uploads\/2014\/08\/Ingna_Labor-Analytik_1200x516.jpg' alt='Labor-Analytik - Innenraumdiagnostik - ingna' title='Ingna_Labor-Analytik_1200x516'   itemprop=\"contentURL\"  \/><\/div><\/div><br \/>\n<section class=\"av_textblock_section\"  itemscope=\"itemscope\" itemtype=\"https:\/\/schema.org\/CreativeWork\" ><div class='avia_textblock '   itemprop=\"text\" ><p>Sie ben\u00f6tigen eine allerfeinste chemische Analytik f\u00fcr den Niedrigstdosis-Bereich? I( Spuren &#8211; Diagnostik )<br \/>\nIhre sorgf\u00e4ltige Raummessungen verdienen die akkreditierte Schadstoffanalysen .<br \/>\nAuskunft \u00fcber Raumluft &#8211; Qualit\u00e4t mit oder ohne Bewertungen zu div. Qualit\u00e4s-Schemata.<br \/>\nBei uns sind Sie richtig! Unser Labor ist ISO-EN-17025-zertifiziert f\u00fcr die gesamte Palette der Innenraum-Schadstoff-Analytik (VOC\/Formaldehyd).<\/p>\n<p>Analytik unterscheiden wir in:<\/p>\n<ul>\n<li>Leichtfl\u00fcchtige Stoffe (Formaldehyd, VOC)<\/li>\n<li>Mittelfl\u00fcchtige Stoffe\u00a0 (Biozide, teilw. Holzschutzmittel)<\/li>\n<li>Schwerfl\u00fcchtige Stoffe\u00a0 (Holzschutzmittel, SVOC, MVOC)<\/li>\n<li>Partikel (Asbest, Fasern, k\u00fcnstliche Mineralwolle etc.)<\/li>\n<\/ul>\n<p>Und auch in diesem Bereich halten unsere Vorgehensweisen dem aktuellen Stand der Wissenschaft und Technik\/Gerichtsexpertisen stand!<\/p>\n<p>Profitieren Sie von unserer langj\u00e4hrigen Erfahrung.<\/p>\n<\/div><\/section><br \/>\n<div class='avia-button-wrap avia-button-left '><a href='https:\/\/www.nachhaltigkeit-ingna.ch\/wordpress\/ueber-ingna\/kontaktseite\/' class='avia-button  avia-icon_select-no avia-color-theme-color avia-size-medium avia-position-left '   ><span class='avia_iconbox_title' >Nehmen Sie mit uns Kontakt auf<\/span><\/a><\/div><br \/>\n<section class=\"av_textblock_section\"  itemscope=\"itemscope\" itemtype=\"https:\/\/schema.org\/CreativeWork\" ><div class='avia_textblock '   itemprop=\"text\" ><p>&gt; mehr \u00fcber <a href=\"https:\/\/www.nachhaltigkeit-ingna.ch\/labor-analytik-innenraumdiagnostik\/\">LABOR-ANALYTIK<\/a><\/p>\n<\/div><\/section><br \/>\n<div  class='hr hr-default '><span class='hr-inner ' ><span class='hr-inner-style'><\/span><\/span><\/div><\/p><\/div><div class=\"flex_column av_one_full  flex_column_div first  \" style='margin-top:0px; margin-bottom:60px; border-width:1px; border-style:solid; padding:10px; background-color:#009cd1; border-radius:2px; '><section class=\"av_textblock_section\"  itemscope=\"itemscope\" itemtype=\"https:\/\/schema.org\/CreativeWork\" ><div class='avia_textblock '   itemprop=\"text\" ><h2><span style=\"color: #ffffff;\">INFO &#8211; CENTER<\/span><\/h2>\n<p><span style=\"color: #ffffff;\">In unserer Rubrik <\/span><span style=\"color: #000000;\"><a style=\"color: #000000;\" href=\"https:\/\/www.nachhaltigkeit-ingna.ch\/ueber-ingna\/\">INFO-CENTER<\/a><\/span><span style=\"color: #ffffff;\"> finden Sie viele kostenlose Informationen von uns, \u00fcber uns, \u00fcber die gesamte Thematik Geb\u00e4udediagnostik \/ Geb\u00e4udeforensik bis zur M\u00f6glichkeit unseren <span style=\"color: #000000;\"><a style=\"color: #000000;\" href=\"https:\/\/www.nachhaltigkeit-ingna.ch\/ueber-ingna\/blog\/\">BLOG<\/a><\/span> zu abonnieren.<\/span><\/p>\n<p><span style=\"color: #ffffff;\">Oder senden Sie uns Ihre individuelle Anfrage per <span style=\"color: #000000;\"><a style=\"color: #000000;\" href=\"https:\/\/www.nachhaltigkeit-ingna.ch\/ueber-ingna\/kontaktseite\/\">Kontaktformular<\/a><\/span> oder <span style=\"color: #000000;\"><a style=\"color: #000000;\" href=\"mailto: kontakt@ingna.ch\">Mail<\/a><\/span>.<\/span><\/p>\n<\/div><\/section><\/div><\/p>\n","protected":false},"excerpt":{"rendered":"","protected":false},"author":4,"featured_media":0,"parent":0,"menu_order":0,"comment_status":"closed","ping_status":"open","template":"","meta":{"footnotes":""},"_links":{"self":[{"href":"https:\/\/www.nachhaltigkeit-ingna.ch\/wordpress\/wp-json\/wp\/v2\/pages\/67"}],"collection":[{"href":"https:\/\/www.nachhaltigkeit-ingna.ch\/wordpress\/wp-json\/wp\/v2\/pages"}],"about":[{"href":"https:\/\/www.nachhaltigkeit-ingna.ch\/wordpress\/wp-json\/wp\/v2\/types\/page"}],"author":[{"embeddable":true,"href":"https:\/\/www.nachhaltigkeit-ingna.ch\/wordpress\/wp-json\/wp\/v2\/users\/4"}],"replies":[{"embeddable":true,"href":"https:\/\/www.nachhaltigkeit-ingna.ch\/wordpress\/wp-json\/wp\/v2\/comments?post=67"}],"version-history":[{"count":294,"href":"https:\/\/www.nachhaltigkeit-ingna.ch\/wordpress\/wp-json\/wp\/v2\/pages\/67\/revisions"}],"predecessor-version":[{"id":4206,"href":"https:\/\/www.nachhaltigkeit-ingna.ch\/wordpress\/wp-json\/wp\/v2\/pages\/67\/revisions\/4206"}],"wp:attachment":[{"href":"https:\/\/www.nachhaltigkeit-ingna.ch\/wordpress\/wp-json\/wp\/v2\/media?parent=67"}],"curies":[{"name":"wp","href":"https:\/\/api.w.org\/{rel}","templated":true}]}}