{"id":616,"date":"2014-12-17T19:47:33","date_gmt":"2014-12-17T19:47:33","guid":{"rendered":"http:\/\/www.nachhaltigkeit-ingna.ch\/wordpress\/wordpress\/wordpress\/wordpresswordpress\/?page_id=616"},"modified":"2022-11-08T11:52:59","modified_gmt":"2022-11-08T10:52:59","slug":"umbau-gebaeudesanierung","status":"publish","type":"page","link":"https:\/\/www.nachhaltigkeit-ingna.ch\/wordpress\/bauberatung\/umbau-gebaeudesanierung\/","title":{"rendered":"Umbau,  Geb\u00e4udesanierung"},"content":{"rendered":"<div style='padding-bottom:10px;color:#1e2a68;' class='av-special-heading av-special-heading-h1 custom-color-heading blockquote modern-quote  '><h1 class='av-special-heading-tag'  itemprop=\"headline\"  >Umbau, Geb\u00e4udesanierung &#8211; Bauberatung<\/h1><div class='special-heading-border'><div class='special-heading-inner-border' style='border-color:#1e2a68'><\/div><\/div><\/div>\n<section class=\"av_textblock_section\"  itemscope=\"itemscope\" itemtype=\"https:\/\/schema.org\/CreativeWork\" ><div class='avia_textblock '   itemprop=\"text\" ><h4>Wirkung: Gr\u00f6sster Nutzen und somit Freude an der Immobilie f\u00fcr die Dauer Ihres gesamten Lebens. H\u00f6chste Rendite im Life Cycle durch Schadstoffarmut.<\/h4>\n<\/div><\/section>\n<div style='height:20px' class='hr hr-invisible '><span class='hr-inner ' ><span class='hr-inner-style'><\/span><\/span><\/div>\n<div class='avia-image-container  av-styling-   avia-align-center '  itemscope=\"itemscope\" itemtype=\"https:\/\/schema.org\/ImageObject\"  ><div class='avia-image-container-inner'><img class='avia_image ' src='https:\/\/www.nachhaltigkeit-ingna.ch\/wp-content\/uploads\/2014\/12\/Ingna_Umbau_1200x516.jpg' alt='' title=''   itemprop=\"contentURL\"  \/><\/div><\/div>\n<div style='padding-bottom:5px;color:#1e2a68;' class='av-special-heading av-special-heading-h2 custom-color-heading blockquote modern-quote  '><h2 class='av-special-heading-tag'  itemprop=\"headline\"  >Umbauen\/Renovieren<\/h2><div class='special-heading-border'><div class='special-heading-inner-border' style='border-color:#1e2a68'><\/div><\/div><\/div>\n<section class=\"av_textblock_section\"  itemscope=\"itemscope\" itemtype=\"https:\/\/schema.org\/CreativeWork\" ><div class='avia_textblock '   itemprop=\"text\" ><p>Seien Sie sicher vor <strong>Altlasten bei Baumaterialien.<\/strong> 87 % Prozent aller H\u00e4user in der Schweiz sind durch Schadstoffe in den Baumaterialen zum Teil stark belastet. Asbest, PCB (polychlorierte Biphenyle) und PAK (polycyclische aromatische Kohlenwasserstoffe) sind die Haupt-Nestbeschmutzer.<br \/>\nLassen Sie sich von uns eine <strong>Schadstoff-Risikoanalyse<\/strong> (Geb\u00e4udescreening) erstellen oder wir f\u00fchren f\u00fcr Sie einen <strong>Geb\u00e4udecheck<\/strong> durch (inkl. Beprobung und Laboranalytik). Sp\u00e4testens beim Geb\u00e4uder\u00fcckbau\/Abriss wird Ihr Geldbeutel es Ihnen danken.<\/p>\n<\/div><\/section>\n<div style='padding-bottom:5px;color:#1e2a68;' class='av-special-heading av-special-heading-h2 custom-color-heading blockquote modern-quote  '><h2 class='av-special-heading-tag'  itemprop=\"headline\"  >Nachhaltige Bauten haben enormes Marktpotenzial<\/h2><div class='special-heading-border'><div class='special-heading-inner-border' style='border-color:#1e2a68'><\/div><\/div><\/div>\n<section class=\"av_textblock_section\"  itemscope=\"itemscope\" itemtype=\"https:\/\/schema.org\/CreativeWork\" ><div class='avia_textblock '   itemprop=\"text\" ><p>Bei Umbau und Geb\u00e4udesanierung kommen verschiedenartige, zum Teil versteckte Unabw\u00e4gbarkeiten zusammen. Bei Um- oder Erweiterungsbauten im Geb\u00e4ude wurden fr\u00fcher, \u00fcber Jahrzehnte oder vielleicht sogar \u00fcber Jahrhunderte, ganz verschiedene Baumaterialien verwendet.<\/p>\n<h4><strong>Nicht immer wurden in den verschiedenen Baudekaden der letzten Jahre Baumaterialien mit gesunden Grundstoffen verwendet. <\/strong><\/h4>\n<p>Viele Schadstoffe, meist unsichtbar, wurden den Baumaterialien beigemischt, um ihre Funktion zu verbessern. So kamen, oft aus Unwissenheit, \u00fcber die Jahrzehnte diverse Schadstoffe in den Innenbereich der H\u00e4user, wie zum Beispiel Asbest, polycyclische aromatische Kohlenwasserstoffe (PAK) und oder polychlorierte Biphenyle (PCB), die in der Zwischenzeit alle als <strong>krebsausl\u00f6send<\/strong> bekannt sind.<br \/>\nDies ist in der normalen Nutzungsphase der H\u00e4user meist kein Problem, da die Schadstoffe \u00abfest eingebaut\u00bb sind \u2013 und daher nicht oder nur schwach im Innenraum wirken. Bei Renovation oder Umbau, wenn also im Geb\u00e4ude viel Staub produziert wird, kann das ein grosses Risiko darstellen. <strong>Sch\u00fctzen Sie sich und Ihre Umwelt!<\/strong> Machen Sie jetzt einen Geb\u00e4udecheck. Der R\u00fcckbau-Unternehmer oder Baumeister ist sp\u00e4testens bei der Arbeitsaufnahme verpflichtet, im Wissen zu sein, welche der von seinen Mitarbeitern aufgewirbelten Baumaterialien sauber oder \u00abvergiftet\u00bb sind.<\/p>\n<\/div><\/section>\n<div style='padding-bottom:15px;' class='av-special-heading av-special-heading-h2  blockquote modern-quote  '><h2 class='av-special-heading-tag'  itemprop=\"headline\"  >Wellness der R\u00e4ume ist Wellness f\u00fcr Sie<\/h2><div class='special-heading-border'><div class='special-heading-inner-border' ><\/div><\/div><\/div>\n<section class=\"av_textblock_section\"  itemscope=\"itemscope\" itemtype=\"https:\/\/schema.org\/CreativeWork\" ><div class='avia_textblock '   itemprop=\"text\" ><h4><\/h4>\n<p>Der professionelle <strong>Geb\u00e4udecheck<\/strong> (mit Proben) oder das <strong>Geb\u00e4udescreening<\/strong> (visuelles und registerm\u00e4ssiges Detektieren) gibt Ihnen Sicherheit bei einem laufenden Um- oder R\u00fcckbau, nicht durch unvorhergesehene Schadstoffsanierungen den Terminplan nicht einhalten zu k\u00f6nnen. So wird Ihre Bauzeit stressfreier.<\/p>\n<p>Der Weg zu<\/p>\n<p><strong>gesundem Bauen und Wohnen | <\/strong><strong>gutem Innenraumklima |<\/strong><strong>unbelasteten Geb\u00e4udenutzungen<\/strong><\/p>\n<p>beginnt beim Schadstoff-Ausr\u00e4umen.<\/p>\n<p>D\u00fcrfen wir Ihnen den Beginn erleichtern? Ebenso unterst\u00fctzen wir Sie beim Aufbau neuer Geb\u00e4udestrukturen und bei der Wahl der Baumaterialien f\u00fcr die Innenr\u00e4ume. <strong>Das gesunde Leben beginnt im Innenraum.<\/strong><\/p>\n<\/div><\/section>\n<div style='padding-bottom:15px;' class='av-special-heading av-special-heading-h2  blockquote modern-quote  '><h2 class='av-special-heading-tag'  itemprop=\"headline\"  >Langzeit-\u00dcberwachung der Raumluftqualit\u00e4t RLQ\/IAQ<\/h2><div class='special-heading-border'><div class='special-heading-inner-border' ><\/div><\/div><\/div>\n<section class=\"av_textblock_section\"  itemscope=\"itemscope\" itemtype=\"https:\/\/schema.org\/CreativeWork\" ><div class='avia_textblock '   itemprop=\"text\" ><h4><\/h4>\n<p>Damit dies nach Bau-Vollendung so bleibt, empfehlen wir dringend das <a href=\"https:\/\/www.nachhaltigkeit-ingna.ch\/wordpress\/bauberatung\/raummonitoring-airthings\/\">Raummonitoring<\/a>. Wir bieten, neu ab 2022, die Gesamtpalette der Schweizer Offiziermesser der Raumluftsensoren an: <a href=\"https:\/\/www.nachhaltigkeit-ingna.ch\/wordpress\/bauberatung\/raummonitoring-airthings\/\">Airthings for business<\/a>.<\/p>\n<\/div><\/section>\n<div class=\"flex_column av_one_full  flex_column_div av-zero-column-padding first  \" style='border-radius:0px; '><section class=\"av_textblock_section\"  itemscope=\"itemscope\" itemtype=\"https:\/\/schema.org\/CreativeWork\" ><div class='avia_textblock '   itemprop=\"text\" ><h2><span style=\"color: #009dd1;\">Ja, ich will eine schadstoffarme, gesunde Immobilie!<\/span><\/h2>\n<\/div><\/section><br \/>\n<div class='avia-button-wrap avia-button-left '><a href='https:\/\/www.nachhaltigkeit-ingna.ch\/wordpress\/ueber-ingna\/kontaktseite\/' class='avia-button  avia-icon_select-no avia-color-theme-color avia-size-large avia-position-left '   ><span class='avia_iconbox_title' >Kontaktieren Sie uns<\/span><\/a><\/div><\/p><\/div>\n","protected":false},"excerpt":{"rendered":"","protected":false},"author":4,"featured_media":0,"parent":8,"menu_order":0,"comment_status":"open","ping_status":"open","template":"","meta":{"footnotes":""},"_links":{"self":[{"href":"https:\/\/www.nachhaltigkeit-ingna.ch\/wordpress\/wp-json\/wp\/v2\/pages\/616"}],"collection":[{"href":"https:\/\/www.nachhaltigkeit-ingna.ch\/wordpress\/wp-json\/wp\/v2\/pages"}],"about":[{"href":"https:\/\/www.nachhaltigkeit-ingna.ch\/wordpress\/wp-json\/wp\/v2\/types\/page"}],"author":[{"embeddable":true,"href":"https:\/\/www.nachhaltigkeit-ingna.ch\/wordpress\/wp-json\/wp\/v2\/users\/4"}],"replies":[{"embeddable":true,"href":"https:\/\/www.nachhaltigkeit-ingna.ch\/wordpress\/wp-json\/wp\/v2\/comments?post=616"}],"version-history":[{"count":27,"href":"https:\/\/www.nachhaltigkeit-ingna.ch\/wordpress\/wp-json\/wp\/v2\/pages\/616\/revisions"}],"predecessor-version":[{"id":1902,"href":"https:\/\/www.nachhaltigkeit-ingna.ch\/wordpress\/wp-json\/wp\/v2\/pages\/616\/revisions\/1902"}],"up":[{"embeddable":true,"href":"https:\/\/www.nachhaltigkeit-ingna.ch\/wordpress\/wp-json\/wp\/v2\/pages\/8"}],"wp:attachment":[{"href":"https:\/\/www.nachhaltigkeit-ingna.ch\/wordpress\/wp-json\/wp\/v2\/media?parent=616"}],"curies":[{"name":"wp","href":"https:\/\/api.w.org\/{rel}","templated":true}]}}