{"id":614,"date":"2014-12-17T21:36:20","date_gmt":"2014-12-17T21:36:20","guid":{"rendered":"http:\/\/www.nachhaltigkeit-ingna.ch\/wordpress\/wordpress\/wordpress\/wordpresswordpress\/?page_id=614"},"modified":"2024-02-02T20:02:54","modified_gmt":"2024-02-02T19:02:54","slug":"neubau-nachhaltige-gebaeude","status":"publish","type":"page","link":"https:\/\/www.nachhaltigkeit-ingna.ch\/wordpress\/bauberatung\/neubau-nachhaltige-gebaeude\/","title":{"rendered":"Neubau Nachhaltige Geb\u00e4ude"},"content":{"rendered":"<div style='padding-bottom:10px;color:#1e2a68;' class='av-special-heading av-special-heading-h1 custom-color-heading blockquote modern-quote  '><h1 class='av-special-heading-tag'  itemprop=\"headline\"  >Neubau Nachhaltige Geb\u00e4ude<\/h1><div class='special-heading-border'><div class='special-heading-inner-border' style='border-color:#1e2a68'><\/div><\/div><\/div>\n<section class=\"av_textblock_section\"  itemscope=\"itemscope\" itemtype=\"https:\/\/schema.org\/CreativeWork\" ><div class='avia_textblock '   itemprop=\"text\" ><h4>Klare Anweisungen f\u00fcr die Planung, ab VORSTUDIEN-Phase<\/h4>\n<\/div><\/section>\n<div style='height:30px' class='hr hr-invisible '><span class='hr-inner ' ><span class='hr-inner-style'><\/span><\/span><\/div>\n<div class='avia-image-container  av-styling-   avia-align-center '  itemscope=\"itemscope\" itemtype=\"https:\/\/schema.org\/ImageObject\"  ><div class='avia-image-container-inner'><img class='avia_image ' src='https:\/\/www.nachhaltigkeit-ingna.ch\/wordpress\/wp-content\/uploads\/2014\/12\/Ingna_Neubau_1200x516.jpg' alt='Bauberatung: Nachhaltiger Neubau in Zug-Grafenau, Lakeside - ingna' title='Bauberatung: Nachhaltiger Neubau in Zug-Grafenau, Lakeside - ingna'   itemprop=\"contentURL\"  \/><\/div><\/div>\n<div style='padding-bottom:5px;color:#1e2a68;' class='av-special-heading av-special-heading-h2 custom-color-heading blockquote modern-quote  '><h2 class='av-special-heading-tag'  itemprop=\"headline\"  >Planungsrelevante Informationen<\/h2><div class='special-heading-border'><div class='special-heading-inner-border' style='border-color:#1e2a68'><\/div><\/div><\/div>\n<section class=\"av_textblock_section\"  itemscope=\"itemscope\" itemtype=\"https:\/\/schema.org\/CreativeWork\" ><div class='avia_textblock '   itemprop=\"text\" ><p>Wir arbeiten direkt mit einem <strong>Einzelplanervertrag<\/strong> mit Ihnen und Ihrem Gesamtleiter Planung (TU, GU, Architekt, Ingnenieur). Von unseren Spezialisten fliessen die f\u00fcr Ihren nachhaltigen Neubau fehlenden Informationen bez\u00fcglich Altlasten auf dem Grundst\u00fcck, Vorbelastungen durch die Umgebung auf die Bauparzelle (Industrie\/Chemie respektive Hochspannungsleitungen, Eisenbahnlinien, Funkantennen\/elektromagentische Felder) ein.<\/p>\n<\/div><\/section>\n<div style='padding-bottom:5px;color:#1e2a68;' class='av-special-heading av-special-heading-h2 custom-color-heading blockquote modern-quote  '><h2 class='av-special-heading-tag'  itemprop=\"headline\"  >Messtechnik bringt Informationen<\/h2><div class='special-heading-border'><div class='special-heading-inner-border' style='border-color:#1e2a68'><\/div><\/div><\/div>\n<section class=\"av_textblock_section\"  itemscope=\"itemscope\" itemtype=\"https:\/\/schema.org\/CreativeWork\" ><div class='avia_textblock '   itemprop=\"text\" ><p>Wir st\u00fctzen uns in der Beratung f\u00fcr Ihren Neubau auf unsere Datenerhebung der <a title=\"MESSTECHNIK\" href=\"https:\/\/www.nachhaltigkeit-ingna.ch\/messtechnik\/\">Messtechnik<\/a> und\/oder Recherchen in unseren Datenbanken oder Katastern. So bringen wir die fehlenden Informationen schnellstm\u00f6glich in die Planung mit ein.<\/p>\n<p><strong>Planen Sie f\u00fcr Ihr neues Geb\u00e4ude die Erreichung eines Nachhaltigkeits-Labels?<\/strong><\/p>\n<p><a title=\"DGNB Label Schweiz\" href=\"http:\/\/www.sgni.ch\/welcome\" target=\"_blank\" rel=\"noopener\">SGNI<\/a> &#8211; Schweizer Gesellschaft f\u00fcr Nachhaltige Immobilienwirtschaft<br \/>\n<a title=\"Standard Nachhaltiges Bauen Schweiz\" href=\"https:\/\/www.nnbs.ch\/standard-snbs\/\" target=\"_blank\" rel=\"noopener\">NNBS<\/a> &#8211; SNBS Standard Nachhaltiges Bauen Schweiz<br \/>\n<a title=\"LEED Leadership Energy Environmental Design\" href=\"http:\/\/ch.usgbc.org\/leed\" target=\"_blank\" rel=\"noopener\">LEED<\/a> \u00ae &#8211; amerikanischer Standard: Leadership in Energy and Environmental Design<br \/>\n<a title=\"BREEAM BRE Enviromental Assesment Method\" href=\"http:\/\/www.breeam.com\/index.jsp\" target=\"_blank\" rel=\"noopener\">BREAAM<\/a> \u00ae &#8211; britischer Standard: BRE Environmental Assesment Method<br \/>\n<a title=\"DGNB Label Schweiz\" href=\"http:\/\/www.dgnb.de\/de\/\" target=\"_blank\" rel=\"noopener\">DGNB \u00ae<\/a> &#8211; Deutsche Gesellschaft f\u00fcr Nachhaltiges Bauen<br \/>\n<a title=\"MINERGIE - ECO -P-ECO -A-ECO; Minergie Fachpartner\" href=\"http:\/\/www.minergie.ch\/minergie-ecop-eco.html\" target=\"_blank\" rel=\"noopener\">minergie ECO<\/a> \u00ae Schweizer Geb\u00e4udestandard<\/p>\n<p>All diese Vorgehen im \u00abLabeldesign\u00bb im Schadstoffbereich sind uns bestens vertraut. Wir liefern Ihnen die fehlenden Angaben im gew\u00fcnschten Format.<\/p>\n<p>Wir haben alles Equipment f\u00fcr Raumlufmessungen und das Labor f\u00fcr Schadstoffnalysen &#8211; Voll-Einsatz f\u00fcr Raumluftqualit\u00e4t<\/p>\n<\/div><\/section>\n<div style='padding-bottom:5px;color:#1e2a68;' class='av-special-heading av-special-heading-h2 custom-color-heading blockquote modern-quote  '><h2 class='av-special-heading-tag'  itemprop=\"headline\"  >Langzeit-\u00dcberwachung der Raumluftqualit\u00e4t RLQ\/IAQ<\/h2><div class='special-heading-border'><div class='special-heading-inner-border' style='border-color:#1e2a68'><\/div><\/div><\/div>\n<section class=\"av_textblock_section\"  itemscope=\"itemscope\" itemtype=\"https:\/\/schema.org\/CreativeWork\" ><div class='avia_textblock '   itemprop=\"text\" ><p>Damit dies nach Bau-Vollendung so bleibt, empfehlen wir dringend das <a href=\"https:\/\/www.nachhaltigkeit-ingna.ch\/wordpress\/bauberatung\/raummonitoring-airthings\/\">Raummonitoring<\/a>. Wir bieten, neu ab 2022, die Gesamtpalette der Schweizer Offiziermesser der Raumluftsensoren an: <a href=\"https:\/\/www.nachhaltigkeit-ingna.ch\/wordpress\/bauberatung\/raummonitoring-airthings\/\">Airthings for business<\/a>.<\/p>\n<\/div><\/section>\n<div style='padding-bottom:5px;color:#1e2a68;' class='av-special-heading av-special-heading-h2 custom-color-heading blockquote modern-quote  '><h2 class='av-special-heading-tag'  itemprop=\"headline\"  >Geb\u00e4udelabel &#8211; Nein Danke? Wirkung &#8211; ja gerne!<\/h2><div class='special-heading-border'><div class='special-heading-inner-border' style='border-color:#1e2a68'><\/div><\/div><\/div>\n<section class=\"av_textblock_section\"  itemscope=\"itemscope\" itemtype=\"https:\/\/schema.org\/CreativeWork\" ><div class='avia_textblock '   itemprop=\"text\" ><p>Da wir diese Arbeit bereits seit 2001 an vielen Kundenprojekten ausf\u00fchren, geht es uns ja nicht prim\u00e4r um das Label an und f\u00fcr sich.<br \/>\nNein, wir wollen, dass die Reduzierung der heutigen Belastungen in physikalischen und chemischen Bereichen \u00fcber 80 % gegen\u00fcber klassisch gebauten R\u00e4umen tiefer liegt und somit Sie als unser Kunde sich in den neugebauten R\u00e4umen so richtig wohl und zuhause f\u00fchlen &#8211; Sie Ihr volles Potenzial entfalten k\u00f6nnen.<\/p>\n<blockquote>\n<p>Armut an Belastungen gibt Reichtum im Wohlgef\u00fchl und h\u00f6chste Konzentrationsm\u00f6glichkeiten\/Arbeitseffizienz im Innenraum.<\/p>\n<\/blockquote>\n<\/div><\/section>\n<div style='height:70px' class='hr hr-invisible '><span class='hr-inner ' ><span class='hr-inner-style'><\/span><\/span><\/div>\n<section class=\"av_textblock_section\"  itemscope=\"itemscope\" itemtype=\"https:\/\/schema.org\/CreativeWork\" ><div class='avia_textblock '   itemprop=\"text\" ><h2><span style=\"color: #009dd1;\">Ja, ich will ein schadstofffreies, belastungsarmes Geb\u00e4ude!<\/span><\/h2>\n<p><span style=\"color: #009dd1;\">Der erste Schritt in Richtung gesundes Wohlf\u00fchlgeb\u00e4ude \u2013 mit der gr\u00f6ssten Rendite \u00fcber seine Lebensdauer.<\/span><\/p>\n<\/div><\/section>\n<div class='avia-button-wrap avia-button-left '><a href='https:\/\/www.nachhaltigkeit-ingna.ch\/wordpress\/ueber-ingna\/kontaktseite\/' class='avia-button  avia-icon_select-no avia-color-theme-color avia-size-large avia-position-left '   ><span class='avia_iconbox_title' >Kontaktieren Sie uns<\/span><\/a><\/div>\n","protected":false},"excerpt":{"rendered":"","protected":false},"author":4,"featured_media":0,"parent":8,"menu_order":0,"comment_status":"open","ping_status":"open","template":"","meta":{"footnotes":""},"_links":{"self":[{"href":"https:\/\/www.nachhaltigkeit-ingna.ch\/wordpress\/wp-json\/wp\/v2\/pages\/614"}],"collection":[{"href":"https:\/\/www.nachhaltigkeit-ingna.ch\/wordpress\/wp-json\/wp\/v2\/pages"}],"about":[{"href":"https:\/\/www.nachhaltigkeit-ingna.ch\/wordpress\/wp-json\/wp\/v2\/types\/page"}],"author":[{"embeddable":true,"href":"https:\/\/www.nachhaltigkeit-ingna.ch\/wordpress\/wp-json\/wp\/v2\/users\/4"}],"replies":[{"embeddable":true,"href":"https:\/\/www.nachhaltigkeit-ingna.ch\/wordpress\/wp-json\/wp\/v2\/comments?post=614"}],"version-history":[{"count":29,"href":"https:\/\/www.nachhaltigkeit-ingna.ch\/wordpress\/wp-json\/wp\/v2\/pages\/614\/revisions"}],"predecessor-version":[{"id":2063,"href":"https:\/\/www.nachhaltigkeit-ingna.ch\/wordpress\/wp-json\/wp\/v2\/pages\/614\/revisions\/2063"}],"up":[{"embeddable":true,"href":"https:\/\/www.nachhaltigkeit-ingna.ch\/wordpress\/wp-json\/wp\/v2\/pages\/8"}],"wp:attachment":[{"href":"https:\/\/www.nachhaltigkeit-ingna.ch\/wordpress\/wp-json\/wp\/v2\/media?parent=614"}],"curies":[{"name":"wp","href":"https:\/\/api.w.org\/{rel}","templated":true}]}}