{"id":607,"date":"2014-12-17T19:32:32","date_gmt":"2014-12-17T19:32:32","guid":{"rendered":"http:\/\/www.nachhaltigkeit-ingna.ch\/wordpress\/wordpress\/wordpress\/wordpresswordpress\/?page_id=607"},"modified":"2022-11-08T11:51:19","modified_gmt":"2022-11-08T10:51:19","slug":"neues-bauvorhaben-gi-gesunde-innenraeume","status":"publish","type":"page","link":"https:\/\/www.nachhaltigkeit-ingna.ch\/wordpress\/bauberatung\/neues-bauvorhaben-gi-gesunde-innenraeume\/","title":{"rendered":"Neues Bauvorhaben GI"},"content":{"rendered":"<div style='padding-bottom:10px;color:#1e2a68;' class='av-special-heading av-special-heading-h1 custom-color-heading blockquote modern-quote  '><h1 class='av-special-heading-tag'  itemprop=\"headline\"  >Neues Bauvorhaben &#8211; mit GI Gesunden Innenr\u00e4umen<\/h1><div class='special-heading-border'><div class='special-heading-inner-border' style='border-color:#1e2a68'><\/div><\/div><\/div>\n<section class=\"av_textblock_section\"  itemscope=\"itemscope\" itemtype=\"https:\/\/schema.org\/CreativeWork\" ><div class='avia_textblock '   itemprop=\"text\" ><h4>Grundbed\u00fcrfnisse des Bauens sind die Sicherheit, ein gutes Bauwerk zu erhalten, und Rendite und Freude bis ans Lebensende.<\/h4>\n<p>Wir k\u00f6nnen Ihnen helfen! GI- Gesunde Innenr\u00e4ume bringen Sie grosse Schritte weiter auf diesem Weg.<\/p>\n<\/div><\/section>\n<div style='height:30px' class='hr hr-invisible '><span class='hr-inner ' ><span class='hr-inner-style'><\/span><\/span><\/div>\n<div class='avia-image-container  av-styling-   avia-align-left '  itemscope=\"itemscope\" itemtype=\"https:\/\/schema.org\/ImageObject\"  ><div class='avia-image-container-inner'><img class='avia_image ' src='https:\/\/www.nachhaltigkeit-ingna.ch\/wordpress\/wp-content\/uploads\/2014\/12\/Ingna_neues_Bauvorhaben_1200x515.jpg' alt='Neues Bauvorhaben: Baugrube Nachhaltiges Geb\u00e4ude Zug, Grafenau-Sued - ingna' title='Neues Bauvorhaben - Bauberatung - ingna'   itemprop=\"contentURL\"  \/><\/div><\/div>\n<div class='avia-image-container  av-styling-   avia-align-center '  itemscope=\"itemscope\" itemtype=\"https:\/\/schema.org\/ImageObject\"  ><div class='avia-image-container-inner'><img class='avia_image ' src='http:\/\/nachhaltigkeit-ingna.ch\/wordpress\/wp-content\/uploads\/2014\/08\/Produktiv_at_work_1030x360.jpg' alt='' title=''   itemprop=\"contentURL\"  \/><\/div><\/div>\n<section class=\"av_textblock_section\"  itemscope=\"itemscope\" itemtype=\"https:\/\/schema.org\/CreativeWork\" ><div class='avia_textblock '   itemprop=\"text\" ><p>Sie sind auf der Suche nach einem <strong>Grundst\u00fcck<\/strong> f\u00fcr Ihr neues Zuhause?<br \/>\nSie sind professioneller <strong>Immobilieninvestor<\/strong> und an der Entwicklung des n\u00e4chsten Renditeprojektes? Je nach angedachter Nutzung eines Geb\u00e4udes erheben sich zu Beginn schon verschiedene Fragen aus verschiedenen Betrachtungswinkeln. Was jeder Investor und Bauherr will, ist ein Geb\u00e4ude, das <strong>sauber gebaut<\/strong> wird und damit seinen <strong>Wert beh\u00e4lt.<\/strong><\/p>\n<p>Egal ob <a title=\"Umbau , Geb\u00e4udesanierung\" href=\"https:\/\/www.nachhaltigkeit-ingna.ch\/bauberatung\/umbau-gebaeudesanierung\/\">Umbau<\/a> oder <a title=\"Neues Bauvorhaben\" href=\"https:\/\/www.nachhaltigkeit-ingna.ch\/bauberatung\/neubau-nachhaltige-gebaeude\/\">Neubau<\/a>, es ist heute, mit den vielf\u00e4ltigen Bezugsm\u00f6glichkeiten von Baumaterialien un\u00fcbersichtlich geworden, welche chemischen oder physikalischen Eigenschaften Sie mit dem Baumaterial ins Geb\u00e4ude miteinbauen.<\/p>\n<h4><strong>Die Baumaterialzulieferindustrie kennt keine Volldeklaration ihrer Produkte<\/strong><\/h4>\n<p>Es ist somit ein \u00abVabanque\u00bb-Spiel*, welche Komponenten Sie in Ihre Geb\u00e4ude miteingebracht kriegen. Gegen\u00fcber der pharmazeutischen Produkteentwicklung m\u00fcssen diese Materialien nicht am Menschen ausgetestet sein, bis sie auf dem Markt zugelassen sind.<\/p>\n<p>* Wir benutzen als Spannungselement bewusst diesen uralten Ausdruck aus dem Gl\u00fcckspiel. Im 18. und 19. Jahrhundert, als dieser Ausdruck hochmodern war, waren die damals \u00abhochmodernen\u00bb Baumaterialien alle noch sauber.<\/p>\n<\/div><\/section>\n<div style='padding-bottom:5px;color:#1e2a68;' class='av-special-heading av-special-heading-h2 custom-color-heading blockquote modern-quote  '><h2 class='av-special-heading-tag'  itemprop=\"headline\"  >Nachhaltige Bauten haben enormes Marktpotenzial<\/h2><div class='special-heading-border'><div class='special-heading-inner-border' style='border-color:#1e2a68'><\/div><\/div><\/div>\n<section class=\"av_textblock_section\"  itemscope=\"itemscope\" itemtype=\"https:\/\/schema.org\/CreativeWork\" ><div class='avia_textblock '   itemprop=\"text\" ><p>Aus unserer Erfahrung seit 2001, den vielen Weiterbildungen und der Vernetzung innerhalb Europas mit Laboren (<a title=\"Verlinkung Ingenieurb\u00fcro f\u00fcr Nachhaltigkeit und AGOEF\" href=\"http:\/\/www.agoef.de\" target=\"_blank\" rel=\"noopener\">AG\u00d6F<\/a>:= Arbeitsgemeinschaft \u00f6kologischer Forschungsinstitute) und den praktischen Arbeiten an Kundenobjekten kennen wir das Innenleben vieler Baumaterialien.<\/p>\n<p>Wir k\u00f6nnen Sie ab Bauphase VORSTUDIE (gem\u00e4ss SIA: Phase 21) beraten, wie die sauberen Materialien definiert werden sollen. Diese werden dann mit den Auschreibungsunterlagen f\u00fcr die ausf\u00fchrenden Unternehmungen vorgeschrieben.<\/p>\n<p><strong>&gt; interne Bezeichnung: <span style=\"text-decoration: underline;\">B \u2013 top down<\/span><\/strong><br \/>\nDie Vorgehensweise B \u2013 top down ist ein \u00abMust\u00bb ab der strategischen Entscheidung: Erlangung eines Nachhaltigkeits-Labels<\/p>\n<p>Die andere Vorgehensweise ist:<br \/>\nSie nennen uns Ihr Lieblingsbaumaterial aufgrund der architektonischen, haptischen, optisch-visuellen Auswahl und wir bringen in Erfahrung, welche Einzelkomponenten dieses Material hat. Bei Bedarf wird dann dieses Baumaterial optimiert zu einem Alternativprodukt \u2013 inklusive der Erf\u00fcllung der oben genannten Auswahlkriterien.<\/p>\n<p><strong>&gt; interne Bezeichnung: <span style=\"text-decoration: underline;\">B \u2013 bottom up<\/span><\/strong><br \/>\nZiel beider Vorgehensweisen: Sie erhalten eine Immobilie, die keine Baumaterialien enth\u00e4lt mit Einzelstoffen, die<br \/>\na) bereits im Verdacht stehen, in Zukunft als Schadstoff im Bau zu gelten.<br \/>\nb) cancerogen, mutagen oder teratogen wirken und somit eine Belastung f\u00fcr die Raumnutzer darstellen.<\/p>\n<\/div><\/section>\n<div style='padding-bottom:5px;color:#1e2a68;' class='av-special-heading av-special-heading-h2 custom-color-heading blockquote modern-quote  '><h2 class='av-special-heading-tag'  itemprop=\"headline\"  >Belastungsarme, schadstofffreie Geb\u00e4ude<\/h2><div class='special-heading-border'><div class='special-heading-inner-border' style='border-color:#1e2a68'><\/div><\/div><\/div>\n<section class=\"av_textblock_section\"  itemscope=\"itemscope\" itemtype=\"https:\/\/schema.org\/CreativeWork\" ><div class='avia_textblock '   itemprop=\"text\" ><p>Die verschiedenen Organisationen rund um Geb\u00e4udeschadstoffe haben verschiedene Richt- und Zielwerte f\u00fcr die zugelassene Dosis der verbleibenden Einzelchemikalien. Allen gemein ist, dass diese Organisationen auch die EMV (Elektromagnetische Vertr\u00e4glichkeit\/Elektrosmog-arm) zu den Innenraumschadstoffen z\u00e4hlen.<\/p>\n<p>Sie finden in uns das seit 2001 schweizweit einzige Ingenieurb\u00fcro, wo die <strong>Messtechnik und Beratung<\/strong> in allen Bereichen der Schadstoffe <strong>komplett<\/strong> abgedeckt wird. <strong>(Physik, Chemie, Mikrobiologie UND Biologie)<\/strong><br \/>\nIn der Nische des <strong>schadstoffarmen, nachhaltigen Bauens<\/strong> sind wir wieder die <strong>Generalisten <\/strong>und haben den offenen Blick durch unsere Kenntnisse f\u00fcr die Gesamtheit von Bauschadstoffen.<\/p>\n<\/div><\/section>\n<div style='padding-bottom:5px;color:#1e2a68;' class='av-special-heading av-special-heading-h2 custom-color-heading blockquote modern-quote  '><h2 class='av-special-heading-tag'  itemprop=\"headline\"  >Langzeit-\u00dcberwachung der Raumluftqualit\u00e4t RLQ\/IAQ<\/h2><div class='special-heading-border'><div class='special-heading-inner-border' style='border-color:#1e2a68'><\/div><\/div><\/div>\n<section class=\"av_textblock_section\"  itemscope=\"itemscope\" itemtype=\"https:\/\/schema.org\/CreativeWork\" ><div class='avia_textblock '   itemprop=\"text\" ><p>Damit dies nach Bau-Vollendung so bleibt, empfehlen wir dringend das <a href=\"https:\/\/www.nachhaltigkeit-ingna.ch\/wordpress\/bauberatung\/raummonitoring-airthings\/\">Raummonitoring<\/a>. Wir bieten, neu ab 2022, die Gesamtpalette der Schweizer Offiziermesser der Raumluftsensoren an: <a href=\"https:\/\/www.nachhaltigkeit-ingna.ch\/wordpress\/bauberatung\/raummonitoring-airthings\/\">Airthings for business<\/a>.<\/p>\n<\/div><\/section>\n<div class=\"flex_column av_one_full  flex_column_div av-zero-column-padding first  \" style='border-radius:0px; '><section class=\"av_textblock_section\"  itemscope=\"itemscope\" itemtype=\"https:\/\/schema.org\/CreativeWork\" ><div class='avia_textblock '   itemprop=\"text\" ><h2><span style=\"color: #009dd1;\">Ja, ich will eine renditestarke und belastungsarme Immobilie!<\/span><\/h2>\n<\/div><\/section><br \/>\n<div class='avia-button-wrap avia-button-left '><a href='https:\/\/www.nachhaltigkeit-ingna.ch\/wordpress\/ueber-ingna\/kontaktseite\/' class='avia-button  avia-icon_select-no avia-color-theme-color avia-size-large avia-position-left '   ><span class='avia_iconbox_title' >Kontaktieren Sie uns<\/span><\/a><\/div><\/p><\/div>\n","protected":false},"excerpt":{"rendered":"","protected":false},"author":4,"featured_media":2633,"parent":8,"menu_order":0,"comment_status":"open","ping_status":"open","template":"","meta":{"footnotes":""},"_links":{"self":[{"href":"https:\/\/www.nachhaltigkeit-ingna.ch\/wordpress\/wp-json\/wp\/v2\/pages\/607"}],"collection":[{"href":"https:\/\/www.nachhaltigkeit-ingna.ch\/wordpress\/wp-json\/wp\/v2\/pages"}],"about":[{"href":"https:\/\/www.nachhaltigkeit-ingna.ch\/wordpress\/wp-json\/wp\/v2\/types\/page"}],"author":[{"embeddable":true,"href":"https:\/\/www.nachhaltigkeit-ingna.ch\/wordpress\/wp-json\/wp\/v2\/users\/4"}],"replies":[{"embeddable":true,"href":"https:\/\/www.nachhaltigkeit-ingna.ch\/wordpress\/wp-json\/wp\/v2\/comments?post=607"}],"version-history":[{"count":34,"href":"https:\/\/www.nachhaltigkeit-ingna.ch\/wordpress\/wp-json\/wp\/v2\/pages\/607\/revisions"}],"predecessor-version":[{"id":4166,"href":"https:\/\/www.nachhaltigkeit-ingna.ch\/wordpress\/wp-json\/wp\/v2\/pages\/607\/revisions\/4166"}],"up":[{"embeddable":true,"href":"https:\/\/www.nachhaltigkeit-ingna.ch\/wordpress\/wp-json\/wp\/v2\/pages\/8"}],"wp:featuredmedia":[{"embeddable":true,"href":"https:\/\/www.nachhaltigkeit-ingna.ch\/wordpress\/wp-json\/wp\/v2\/media\/2633"}],"wp:attachment":[{"href":"https:\/\/www.nachhaltigkeit-ingna.ch\/wordpress\/wp-json\/wp\/v2\/media?parent=607"}],"curies":[{"name":"wp","href":"https:\/\/api.w.org\/{rel}","templated":true}]}}