{"id":328,"date":"2014-09-23T15:20:07","date_gmt":"2014-09-23T15:20:07","guid":{"rendered":"http:\/\/www.nachhaltigkeit-ingna.ch\/wordpress\/wordpress\/wordpress\/wordpresswordpress\/?page_id=328"},"modified":"2022-05-24T21:19:16","modified_gmt":"2022-05-24T19:19:16","slug":"green-office","status":"publish","type":"page","link":"https:\/\/www.nachhaltigkeit-ingna.ch\/wordpress\/gesundheit-am-arbeitsplatz\/green-office\/","title":{"rendered":"Green Office"},"content":{"rendered":"<div style='padding-bottom:10px;color:#1e2a68;' class='av-special-heading av-special-heading-h1 custom-color-heading blockquote modern-quote  '><h1 class='av-special-heading-tag'  itemprop=\"headline\"  >Green Office<\/h1><div class='special-heading-border'><div class='special-heading-inner-border' style='border-color:#1e2a68'><\/div><\/div><\/div>\n<section class=\"av_textblock_section\"  itemscope=\"itemscope\" itemtype=\"https:\/\/schema.org\/CreativeWork\" ><div class='avia_textblock '   itemprop=\"text\" ><h4>\u00abGreen Office\u00bb oder \u00abnachhaltige B\u00fcros\u00bb beschreiben die B\u00fcros der Zukunft.<\/h4>\n<\/div><\/section>\n<div style='height:30px' class='hr hr-invisible '><span class='hr-inner ' ><span class='hr-inner-style'><\/span><\/span><\/div>\n<div class='avia-image-container  av-styling-   avia-align-center '  itemscope=\"itemscope\" itemtype=\"https:\/\/schema.org\/ImageObject\"  ><div class='avia-image-container-inner'><img class='avia_image ' src='https:\/\/www.nachhaltigkeit-ingna.ch\/wp-content\/uploads\/2014\/09\/Ingna_Green_Office_1200x516.jpg' alt='' title=''   itemprop=\"contentURL\"  \/><\/div><\/div>\n<div style='height:30px' class='hr hr-invisible '><span class='hr-inner ' ><span class='hr-inner-style'><\/span><\/span><\/div>\n<section class=\"av_textblock_section\"  itemscope=\"itemscope\" itemtype=\"https:\/\/schema.org\/CreativeWork\" ><div class='avia_textblock '   itemprop=\"text\" ><h2>Ganzheitlich betrachtet<\/h2>\n<\/div><\/section>\n<section class=\"av_textblock_section\"  itemscope=\"itemscope\" itemtype=\"https:\/\/schema.org\/CreativeWork\" ><div class='avia_textblock '   itemprop=\"text\" ><p>Ein nachhaltiges B\u00fcro muss ganzheitlich betrachtet werden und vielen Aspekten gerecht werden. Dazu geh\u00f6ren die verwendeten Materialien, die Technologien, aber auch der Energieverbrauch und weitere Faktoren. Alle Aspekte m\u00fcssen gleichberechtigt behandelt werden. Das bedeutet, der Mensch und seine Gesundheit sind genauso wichtig wie die CO<sub>2<\/sub>-Reduzierung und das Energiesparen.<br \/>\nDas Ingenieurb\u00fcro f\u00fcr Nachhaltigkeit bietet Ihnen folgende Dienstleistungen:<\/p>\n<ul>\n<li><strong>Nachhaltiges Bauen von der Planung bis zur Zertifizierung,<\/strong><\/li>\n<li><strong>Auswahl Baumaterialien,<\/strong><\/li>\n<li><strong>Innenraum-Analytik\/Messtechnik und<br \/>\n<\/strong><\/li>\n<li><strong>Monitoring f\u00fcr die stete Verbesserung zu Gesunden Innenr\u00e4umen- GI<br \/>\n<\/strong><\/li>\n<li><strong>ESG Report Unterst\u00fctzung \/ Datenlieferung(Environmental-Social-Governance -Kriterien)<\/strong><\/li>\n<\/ul>\n<\/div><\/section>\n<div style='height:30px' class='hr hr-invisible '><span class='hr-inner ' ><span class='hr-inner-style'><\/span><\/span><\/div>\n<section class=\"av_textblock_section\"  itemscope=\"itemscope\" itemtype=\"https:\/\/schema.org\/CreativeWork\" ><div class='avia_textblock '   itemprop=\"text\" ><h2>Wir begleiten Sie mit unserem Knowhow von A bis Z<\/h2>\n<\/div><\/section>\n<section class=\"av_textblock_section\"  itemscope=\"itemscope\" itemtype=\"https:\/\/schema.org\/CreativeWork\" ><div class='avia_textblock '   itemprop=\"text\" ><p>Wir sind Ihr Ansprechpartner, ob Sie nun sanieren, bauen oder Einsparungen erzielen m\u00f6chten. Die <strong>Nachfrage nach nachhaltigen Geb\u00e4uden und Arbeitspl\u00e4tzen<\/strong> wird in den kommenden Jahren weiter zunehmen. F\u00fcr Sie als Unternehmer ist es wichtig, sich mit dem Thema vertraut zu machen, damit Sie profitieren von:<\/p>\n<ul>\n<li><strong>Imagegewinn<\/strong><\/li>\n<li><strong>zufriedenen und motivierten Mitarbeitern<\/strong><\/li>\n<li><strong>Kosteneinsparungen<\/strong><\/li>\n<\/ul>\n<\/div><\/section>\n<div class=\"flex_column av_one_full  flex_column_div av-zero-column-padding first  \" style='border-radius:0px; '><div class='avia-button-wrap avia-button-left '><a href='https:\/\/www.nachhaltigkeit-ingna.ch\/wordpress\/ueber-ingna\/kontaktseite\/' class='avia-button  avia-icon_select-no avia-color-theme-color avia-size-large avia-position-left '   ><span class='avia_iconbox_title' >Kontaktieren Sie uns<\/span><\/a><\/div><\/div>\n","protected":false},"excerpt":{"rendered":"","protected":false},"author":2,"featured_media":0,"parent":10,"menu_order":0,"comment_status":"open","ping_status":"open","template":"","meta":{"footnotes":""},"_links":{"self":[{"href":"https:\/\/www.nachhaltigkeit-ingna.ch\/wordpress\/wp-json\/wp\/v2\/pages\/328"}],"collection":[{"href":"https:\/\/www.nachhaltigkeit-ingna.ch\/wordpress\/wp-json\/wp\/v2\/pages"}],"about":[{"href":"https:\/\/www.nachhaltigkeit-ingna.ch\/wordpress\/wp-json\/wp\/v2\/types\/page"}],"author":[{"embeddable":true,"href":"https:\/\/www.nachhaltigkeit-ingna.ch\/wordpress\/wp-json\/wp\/v2\/users\/2"}],"replies":[{"embeddable":true,"href":"https:\/\/www.nachhaltigkeit-ingna.ch\/wordpress\/wp-json\/wp\/v2\/comments?post=328"}],"version-history":[{"count":21,"href":"https:\/\/www.nachhaltigkeit-ingna.ch\/wordpress\/wp-json\/wp\/v2\/pages\/328\/revisions"}],"predecessor-version":[{"id":3761,"href":"https:\/\/www.nachhaltigkeit-ingna.ch\/wordpress\/wp-json\/wp\/v2\/pages\/328\/revisions\/3761"}],"up":[{"embeddable":true,"href":"https:\/\/www.nachhaltigkeit-ingna.ch\/wordpress\/wp-json\/wp\/v2\/pages\/10"}],"wp:attachment":[{"href":"https:\/\/www.nachhaltigkeit-ingna.ch\/wordpress\/wp-json\/wp\/v2\/media?parent=328"}],"curies":[{"name":"wp","href":"https:\/\/api.w.org\/{rel}","templated":true}]}}