{"id":14,"date":"2014-08-18T12:32:25","date_gmt":"2014-08-18T12:32:25","guid":{"rendered":"http:\/\/www.nachhaltigkeit-ingna.ch\/wordpress\/wordpress\/wordpress\/wordpresswordpress\/?page_id=14"},"modified":"2023-06-01T20:45:12","modified_gmt":"2023-06-01T18:45:12","slug":"messtechnik","status":"publish","type":"page","link":"https:\/\/www.nachhaltigkeit-ingna.ch\/wordpress\/messtechnik\/","title":{"rendered":"MESSTECHNIK"},"content":{"rendered":"<div style='padding-bottom:10px;color:#1e2a68;' class='av-special-heading av-special-heading-h1 custom-color-heading blockquote modern-quote  '><h1 class='av-special-heading-tag'  itemprop=\"headline\"  >Messtechnik<\/h1><div class='special-heading-border'><div class='special-heading-inner-border' style='border-color:#1e2a68'><\/div><\/div><\/div>\n<section class=\"av_textblock_section\"  itemscope=\"itemscope\" itemtype=\"https:\/\/schema.org\/CreativeWork\" ><div class='avia_textblock '   itemprop=\"text\" ><h4><strong>Die Messtechnik dient dazu, Ihren Lebens-\/Arbeitsraum zu analysieren, um Belastungen zu erkennen.<\/strong><\/h4>\n<p><strong>Nur erkannte Belastungen lassen sich gezielt und kostenminimal sanieren!<\/strong><\/p>\n<h4>Das Ziel: Sie leben und arbeiten gesund\u00a0 und produktiv. Weil Sie es sich wert sind!<br \/>\nZus\u00e4tzlich erf\u00fcllen Sie die Kriterien des Nachhaltigen Bauens :<br \/>\nZur Planungsbegleitung \/ Geb\u00e4udeabnahme und oder neu zum Raum-Monitoring \/ Nachweis von ESC-Taxonomie und Datenaufbereitung f\u00fcr Re-Audits von Geb\u00e4ude-Nachhaltigkeits-Labels.<\/h4>\n<\/div><\/section>\n<div style='height:30px' class='hr hr-invisible '><span class='hr-inner ' ><span class='hr-inner-style'><\/span><\/span><\/div>\n<div class='avia-image-container  av-styling-   avia-align-center '  itemscope=\"itemscope\" itemtype=\"https:\/\/schema.org\/ImageObject\"  ><div class='avia-image-container-inner'><img class='avia_image ' src='https:\/\/www.nachhaltigkeit-ingna.ch\/wordpress\/wp-content\/uploads\/2014\/08\/Ingna_Messtechnik_1200x516.jpg' alt='Messtechnik - Lebensraum analysieren, Belastungen erkennen und beseitigen - ingna' title='Ingna_Messtechnik_1200x516'   itemprop=\"contentURL\"  \/><\/div><\/div>\n<div style='height:30px' class='hr hr-invisible '><span class='hr-inner ' ><span class='hr-inner-style'><\/span><\/span><\/div>\n<section class=\"av_textblock_section\"  itemscope=\"itemscope\" itemtype=\"https:\/\/schema.org\/CreativeWork\" ><div class='avia_textblock '   itemprop=\"text\" ><p>Wir arbeiten ausschliesslich mit kalibrierten und in Ringversuchen abgeglichenen Messger\u00e4ten.<br \/>\n<strong>Naturwissenschafltiche Messtechnik zum Wohle des Menschen.<br \/>\n<\/strong>Des Weiteren bilden wir uns stetig weiter, um Ihnen die bestm\u00f6gliche Messqualit\u00e4t zu gew\u00e4hrleisten.<br \/>\nDie Messmethodik ist wissenschaftlich anerkannt und reproduzierbar.<br \/>\nZur \u00dcbersicht der Momentan-Messtechnik und &#8211; Analysen:<\/p>\n<\/div><\/section>\n<div style='height:30px' class='hr hr-invisible '><span class='hr-inner ' ><span class='hr-inner-style'><\/span><\/span><\/div>\n<section class=\"av_textblock_section\"  itemscope=\"itemscope\" itemtype=\"https:\/\/schema.org\/CreativeWork\" ><div class='avia_textblock '   itemprop=\"text\" ><h2>Die Messtechnik gliedert sich in drei Bereiche auf und dient zur Qualit\u00e4tssicherung von nachhaltigen Bauten und zur Gew\u00e4hrleistung vom guten Innenraumklima:<\/h2>\n<\/div><\/section>\n<div class=\"tabcontainer  top_tab  \">\n\n<section class=\"av_tab_section\"  itemscope=\"itemscope\" itemtype=\"https:\/\/schema.org\/CreativeWork\" >    <div data-fake-id=\"#tab-id-1\" class=\"tab active_tab\"  itemprop=\"headline\" >A) Physik<\/div>\n    <div id=\"tab-id-1-container\" class=\"tab_content active_tab_content\">\n        <div class=\"tab_inner_content invers-color\"  itemprop=\"text\" >\n<p><strong>A) Physik: Felder \u2013 Wellen \u2013 Strahlung \/ EMV \/ Elektrosmog bis St\u00f6rger\u00e4usche<\/strong><\/p>\n<p>Pflanzen, Tiere und Menschen sind elektromagnetische Lebewesen. Zellen, Gewebe, Organe und Organismen funktionieren nicht nur \u00fcber chemische Reaktionen, sondern sind in ihrem funktionellen Ablauf in komplexen, nichtlinearen Prozessen eng mit <strong>internen und externen elektromagnetischen<\/strong> Vorg\u00e4ngen verbunden.<\/p>\n<p>Die Messung von <a title=\"Elektrosmog\" href=\"http:\/\/nachhaltigkeit-ingna.ch\/messtechnik\/elektrosmog\/\"><strong>Elektrosmog<\/strong><\/a> umfasst acht verschiedene physikalische Gr\u00f6ssen, einschliesslich Radioaktivit\u00e4t, Radon und Schall.<\/p>\n<p><strong>1) Elektrische Wechselfelder<\/strong><\/p>\n<p><strong>2) Magnetische Wechselfelder<\/strong><\/p>\n<p><strong>3) Elektromagnetische Wellen (Hochfrequenz)<\/strong><\/p>\n<p><strong>4) Elektrische Gleichfelder (Elektrostatik)<\/strong><\/p>\n<p><strong>5) Magnetische Gleichfelder<\/strong><\/p>\n<p><a href=\"https:\/\/www.radonexperte.ch\/\" target=\"_blank\" rel=\"noopener\"><strong>6) Radioaktivit\u00e4t<\/strong><\/a><\/p>\n<p><strong>7) Geologische St\u00f6rungen<\/strong><\/p>\n<p><strong>8) Schallwellen<\/strong><\/p>\n<div class='avia-button-wrap avia-button-left '><a href='https:\/\/www.nachhaltigkeit-ingna.ch\/wordpress\/messtechnik\/elektrosmog\/' class='avia-button  avia-icon_select-no avia-color-theme-color avia-size-large avia-position-left '   ><span class='avia_iconbox_title' >Mehr Informationen zu Elektrosmog<\/span><\/a><\/div>\n<hr \/>\n<div class='avia-button-wrap avia-button-left '><a href='https:\/\/www.nachhaltigkeit-ingna.ch\/wordpress\/schweizer-grenzwerte-nisv-standard-der-baubiologischen-messtechnik-sbm\/' class='avia-button  avia-icon_select-yes-left-icon avia-color-theme-color avia-size-small avia-position-left '  target=\"_blank\"   ><span class='avia_button_icon avia_button_icon_left ' aria-hidden='true' data-av_icon='\ue81e' data-av_iconfont='entypo-fontello'><\/span><span class='avia_iconbox_title' >Informationen zu den Schweizer Grenzwerten (NISV) und zu den Vorsorgewerten des SBM<\/span><\/a><\/div>\n\n        <\/div>\n    <\/div>\n<\/section>\n\n<section class=\"av_tab_section\"  itemscope=\"itemscope\" itemtype=\"https:\/\/schema.org\/CreativeWork\" >    <div data-fake-id=\"#tab-id-2\" class=\"tab \"  itemprop=\"headline\" >B) Chemie<\/div>\n    <div id=\"tab-id-2-container\" class=\"tab_content \">\n        <div class=\"tab_inner_content invers-color\"  itemprop=\"text\" >\n<p><strong>B) Chemie: Wohngifte \u2013 Schadstoffe \u2013 Raumklima \/ Baumaterial bis M\u00f6bel<\/strong><\/p>\n<p>Unsere Messtechnik erfasst die chemischen Komponenten, die die Luftqualit\u00e4t in Ihren R\u00e4umen negativ beeinflusst. Neben Emissionen von k\u00fcnstlich erzeugten Produkten wie z.B. Asbest, Formaldehyd oder Holzschutzmitteln werden auch subtil wirkende chemische Produkte (Stinker) aufgedeckt.<\/p>\n<p>Zu den <a title=\"Wohngifte \u2013 Schadstoffe \u2013 Raumklima\" href=\"http:\/\/nachhaltigkeit-ingna.ch\/messtechnik\/wohngifte\/\"><strong>Wohngiften und Schadstoffen<\/strong><\/a> geh\u00f6ren:<\/p>\n<p><strong>1) Formaldehyd und andere giftige Gase<\/strong><\/p>\n<p><strong>2) L\u00f6semittel und andere fl\u00fcchtige Schadstoffe (VOC) <\/strong><\/p>\n<p><strong>3) Biozide und andere schwerfl\u00fcchtige Schadstoffe\u00a0<\/strong><\/p>\n<p><strong>4) Schwermetalle und andere anorganische Schadstoffe\u00a0<\/strong><\/p>\n<p><strong>5) Partikel und Fasern wie Staub<\/strong><\/p>\n<p><strong>6) Raumklima<\/strong><\/p>\n<div class='avia-button-wrap avia-button-left '><a href='https:\/\/www.nachhaltigkeit-ingna.ch\/wordpress\/messtechnik\/wohngifte\/' class='avia-button  avia-icon_select-no avia-color-theme-color avia-size-large avia-position-left '   ><span class='avia_iconbox_title' >Mehr Informationen zu Wohngifte\/Schadstoffe\/Raumklima<\/span><\/a><\/div>\n\n        <\/div>\n    <\/div>\n<\/section>\n\n<section class=\"av_tab_section\"  itemscope=\"itemscope\" itemtype=\"https:\/\/schema.org\/CreativeWork\" >    <div data-fake-id=\"#tab-id-3\" class=\"tab \"  itemprop=\"headline\" >C) Mikrobiologie<\/div>\n    <div id=\"tab-id-3-container\" class=\"tab_content \">\n        <div class=\"tab_inner_content invers-color\"  itemprop=\"text\" >\n<p><strong>C) Mikrobiologie: Pilze &#8211; Bakterien &#8211; Allergene \/ Schimmelpilze bis Allergene<\/strong><\/p>\n<p>Die mikrobiologische Seite der Messtechnik besch\u00e4ftigt sich mit allem, was zwar in der Natur vorkommt, aber trotzdem gesundheitssch\u00e4dlich sein kann: Mit <a title=\"Pilze \u2013 Bakterien \u2013 Allergene\" href=\"http:\/\/nachhaltigkeit-ingna.ch\/messtechnik\/pilze-bakterien-allergene\/\"><strong>Pilzen, Bakterien und Allergenen<\/strong><\/a>.<\/p>\n<p><strong>1) Schimmelpilze, sowie deren Sporen und Stoffwechselprodukte<\/strong><\/p>\n<p><strong>2) Hefepilze und deren Stoffwechselprodukte<\/strong><\/p>\n<p><strong>3) Bakterien und deren Stoffwechselprodukte<\/strong><\/p>\n<p><strong>4) Hausstaubmilben und andere Allergene.<\/strong><\/p>\n<p><strong>5) Sch\u00e4dlinge \u2013 was kriecht denn da?<\/strong><\/p>\n<p><strong>==&gt; alle Gebiete mit wissenschaftlicher Messtechnik nachgewiesen, ODER bei Bedarf mit ausgebildeten Suchhunden detektiert.<br \/>\n<\/strong><\/p>\n<div class='avia-button-wrap avia-button-left '><a href='https:\/\/www.nachhaltigkeit-ingna.ch\/wordpress\/messtechnik\/pilze-bakterien-allergene\/' class='avia-button  avia-icon_select-no avia-color-theme-color avia-size-large avia-position-left '   ><span class='avia_iconbox_title' >Mehr Informationen zu Pilzen\/Bakterien\/Allergene<\/span><\/a><\/div>\n\n        <\/div>\n    <\/div>\n<\/section>\n\n<section class=\"av_tab_section\"  itemscope=\"itemscope\" itemtype=\"https:\/\/schema.org\/CreativeWork\" >    <div data-fake-id=\"#tab-id-4\" class=\"tab \"  itemprop=\"headline\" >N) Raummonitoring<\/div>\n    <div id=\"tab-id-4-container\" class=\"tab_content \">\n        <div class=\"tab_inner_content invers-color\"  itemprop=\"text\" >\n<p><strong>Airthings Space Hub for Business<\/strong><br \/>\nDas Herzst\u00fcck Ihres Airthings-\u00d6kosystems.<\/p>\n<p><strong>Airthings Space Pro for Business<br \/>\n<\/strong>Mehr Sensoren, mehr Einsicht.<\/p>\n<p><strong>Airthings Space CO2 Mini for Business<\/strong><\/p>\n<p><strong>Airthings Space CO2 for Business<br \/>\n<\/strong>CO2 \u00dcberwachung leicht gemacht, f\u00fcr jedes Geb\u00e4ude, wo auch immer.<\/p>\n<p><strong>Airthings Space Radon for Business<br \/>\n<\/strong>Der erste intelligente IAQ-Monitor mit Radonerkennung f\u00fcr alle Innenr\u00e4ume.<\/p>\n<div class='avia-button-wrap avia-button-left '><a href='https:\/\/www.nachhaltigkeit-ingna.ch\/wordpress\/bauberatung\/raummonitoring-airthings\/' class='avia-button  avia-icon_select-no avia-color-theme-color avia-size-large avia-position-left '   ><span class='avia_iconbox_title' >Mehr Informationen zu Raummonitoring<\/span><\/a><\/div>\n\n        <\/div>\n    <\/div>\n<\/section>\n\n<\/div>\n\n<div style='height:30px' class='hr hr-invisible '><span class='hr-inner ' ><span class='hr-inner-style'><\/span><\/span><\/div>\n<section class=\"av_textblock_section\"  itemscope=\"itemscope\" itemtype=\"https:\/\/schema.org\/CreativeWork\" ><div class='avia_textblock '   itemprop=\"text\" ><h2>Unsere Dienstleistungen &#8211; Gesunde Innenr\u00e4ume<\/h2>\n<\/div><\/section>\n<section class=\"av_textblock_section\"  itemscope=\"itemscope\" itemtype=\"https:\/\/schema.org\/CreativeWork\" ><div class='avia_textblock '   itemprop=\"text\" ><p><strong>Wir bieten Ihnen ein grosses Spektrum an Leistungen, um ganzheitlich und umfassend Ihren Lebens- und Arbeitsraum ges\u00fcnder zu gestalten.<\/strong><\/p>\n<ul>\n<li>Messung (Analyse)<\/li>\n<li>Auswertung (Messbericht)<\/li>\n<li>Verbesserung (von einfachen Massnahmen, die Sie selbst durchf\u00fchren k\u00f6nnen, bis zur Zusammenarbeit mit Ihrem Handwerker)<\/li>\n<li>Besichtigung und Kontrolle (Validierung, Nachmessung)<\/li>\n<li>und erweiternd, Einsatz von <a href=\"https:\/\/www.nachhaltigkeit-ingna.ch\/bauberatung\/raummonitoring-airthings\/\">Raumluft-Sensoren f\u00fcr Monitoring<\/a>, die Dauermessung 24\/7 in den R\u00e4umen<\/li>\n<\/ul>\n<\/div><\/section>\n<div class='avia-button-wrap avia-button-left '><a href='https:\/\/www.nachhaltigkeit-ingna.ch\/wordpress\/messtechnik\/unsere-dienstleistungen-im-ueberblick\/' class='avia-button  avia-icon_select-no avia-color-theme-color avia-size-large avia-position-left '   ><span class='avia_iconbox_title' >Detaillierte Beschreibungen unserer Dienstleistungen<\/span><\/a><\/div>\n<div style='height:30px' class='hr hr-invisible '><span class='hr-inner ' ><span class='hr-inner-style'><\/span><\/span><\/div>\n<section class=\"av_textblock_section\"  itemscope=\"itemscope\" itemtype=\"https:\/\/schema.org\/CreativeWork\" ><div class='avia_textblock '   itemprop=\"text\" ><p><strong>Spezielle Messungen in besonderen Situationen<\/strong><\/p>\n<ul>\n<li><a href=\"http:\/\/www.bau-forensik.ch\">Bau- forensik<\/a> \/ Bausensorik<\/li>\n<li>Magnetfeldverzerrungen\/Entmagnetisierung von Baustahl<\/li>\n<li>L\u00fcftungshygiene-Inspektionen VA 104<\/li>\n<li><a href=\"https:\/\/schimmelpilz-spuerhund.ch\/\" target=\"_blank\" rel=\"noopener\">Schimmelsp\u00fcrhunde-Team<\/a>Mit engen Partnern zusammen, k\u00f6nnen wir auch f\u00fcr gesamte due diligence eines Geb\u00e4udes mitanbieten:<\/li>\n<li>Thermographie nach Norm SN EN ISO DIN\u00a0 ( DIN54190 \/ 54191)- QS Richtlinien theCH- Fachverband Schweiz<\/li>\n<li>VKF-Blitzschutz-Attest\/Kontrollen von Blitzschutzanlagen nach allen Kantonalen Auflagen<\/li>\n<li>SINA \u2013 Sicherheitsnachweise\/Elektrokontrollen nach esti\/eit-swiss rsp. bis akkreditierte Analysen<\/li>\n<\/ul>\n<\/div><\/section>\n<div class='avia-button-wrap avia-button-left '><a href='https:\/\/www.nachhaltigkeit-ingna.ch\/wordpress\/messtechnik\/spezielle-dienstleistungen\/' class='avia-button  avia-icon_select-no avia-color-theme-color avia-size-large avia-position-left '   ><span class='avia_iconbox_title' >Detaillierte Beschreibungen unserer speziellen Messungen<\/span><\/a><\/div>\n<div  class='hr hr-default '><span class='hr-inner ' ><span class='hr-inner-style'><\/span><\/span><\/div>\n<div class=\"flex_column av_one_full  flex_column_div av-zero-column-padding first  \" style='border-radius:0px; '><section class=\"av_textblock_section\"  itemscope=\"itemscope\" itemtype=\"https:\/\/schema.org\/CreativeWork\" ><div class='avia_textblock '   itemprop=\"text\" ><h2><span style=\"color: #009dd1;\">Ja, ich will eine belastungsarme, gesunde Immobilie!<\/span><\/h2>\n<\/div><\/section><br \/>\n<div class='avia-button-wrap avia-button-left '><a href='https:\/\/www.nachhaltigkeit-ingna.ch\/wordpress\/ueber-ingna\/kontaktseite\/' class='avia-button  avia-icon_select-no avia-color-theme-color avia-size-large avia-position-left '   ><span class='avia_iconbox_title' >Kontaktieren Sie uns<\/span><\/a><\/div><\/p><\/div>\n","protected":false},"excerpt":{"rendered":"","protected":false},"author":2,"featured_media":2239,"parent":0,"menu_order":0,"comment_status":"closed","ping_status":"open","template":"","meta":{"footnotes":""},"_links":{"self":[{"href":"https:\/\/www.nachhaltigkeit-ingna.ch\/wordpress\/wp-json\/wp\/v2\/pages\/14"}],"collection":[{"href":"https:\/\/www.nachhaltigkeit-ingna.ch\/wordpress\/wp-json\/wp\/v2\/pages"}],"about":[{"href":"https:\/\/www.nachhaltigkeit-ingna.ch\/wordpress\/wp-json\/wp\/v2\/types\/page"}],"author":[{"embeddable":true,"href":"https:\/\/www.nachhaltigkeit-ingna.ch\/wordpress\/wp-json\/wp\/v2\/users\/2"}],"replies":[{"embeddable":true,"href":"https:\/\/www.nachhaltigkeit-ingna.ch\/wordpress\/wp-json\/wp\/v2\/comments?post=14"}],"version-history":[{"count":155,"href":"https:\/\/www.nachhaltigkeit-ingna.ch\/wordpress\/wp-json\/wp\/v2\/pages\/14\/revisions"}],"predecessor-version":[{"id":3879,"href":"https:\/\/www.nachhaltigkeit-ingna.ch\/wordpress\/wp-json\/wp\/v2\/pages\/14\/revisions\/3879"}],"wp:featuredmedia":[{"embeddable":true,"href":"https:\/\/www.nachhaltigkeit-ingna.ch\/wordpress\/wp-json\/wp\/v2\/media\/2239"}],"wp:attachment":[{"href":"https:\/\/www.nachhaltigkeit-ingna.ch\/wordpress\/wp-json\/wp\/v2\/media?parent=14"}],"curies":[{"name":"wp","href":"https:\/\/api.w.org\/{rel}","templated":true}]}}