{"id":12,"date":"2014-08-18T12:32:00","date_gmt":"2014-08-18T12:32:00","guid":{"rendered":"http:\/\/www.nachhaltigkeit-ingna.ch\/wordpress\/wordpress\/wordpress\/wordpresswordpress\/?page_id=12"},"modified":"2021-03-04T09:31:50","modified_gmt":"2021-03-04T08:31:50","slug":"labor-analytik-innenraumdiagnostik","status":"publish","type":"page","link":"https:\/\/www.nachhaltigkeit-ingna.ch\/wordpress\/labor-analytik-innenraumdiagnostik\/","title":{"rendered":"LABOR-ANALYTIK"},"content":{"rendered":"<div style='padding-bottom:10px;color:#1e2a68;' class='av-special-heading av-special-heading-h1 custom-color-heading blockquote modern-quote  '><h1 class='av-special-heading-tag'  itemprop=\"headline\"  >Labor-Analytik &#8211; Innenraumdiagnostik<\/h1><div class='special-heading-border'><div class='special-heading-inner-border' style='border-color:#1e2a68'><\/div><\/div><\/div>\n<section class=\"av_textblock_section\"  itemscope=\"itemscope\" itemtype=\"https:\/\/schema.org\/CreativeWork\" ><div class='avia_textblock '   itemprop=\"text\" ><h4>Wirkung: Gr\u00f6sste wissenschaftliche Genauigkeit und Pr\u00e4zision der Aussage. Chemie-Analytik EN-ISO-17025-akkreditiert<\/h4>\n<\/div><\/section>\n<div style='height:30px' class='hr hr-invisible '><span class='hr-inner ' ><span class='hr-inner-style'><\/span><\/span><\/div>\n<div class='avia-image-container  av-styling-   avia-align-center '  itemscope=\"itemscope\" itemtype=\"https:\/\/schema.org\/ImageObject\"  ><div class='avia-image-container-inner'><img class='avia_image ' src='https:\/\/www.nachhaltigkeit-ingna.ch\/wordpress\/wp-content\/uploads\/2014\/08\/Ingna_Labor-Analytik_1200x516.jpg' alt='Labor-Analytik - Innenraumdiagnostik - ingna' title='Ingna_Labor-Analytik_1200x516'   itemprop=\"contentURL\"  \/><\/div><\/div>\n<div style='height:30px' class='hr hr-invisible '><span class='hr-inner ' ><span class='hr-inner-style'><\/span><\/span><\/div>\n<section class=\"av_textblock_section\"  itemscope=\"itemscope\" itemtype=\"https:\/\/schema.org\/CreativeWork\" ><div class='avia_textblock '   itemprop=\"text\" ><h2>Schadstoffproblematik<\/h2>\n<\/div><\/section>\n<section class=\"av_textblock_section\"  itemscope=\"itemscope\" itemtype=\"https:\/\/schema.org\/CreativeWork\" ><div class='avia_textblock '   itemprop=\"text\" ><p>Heutzutage halten wir uns zu \u00fcber 90 % in Geb\u00e4uden auf, sei es zuhause, am Arbeitsplatz oder oft auch in der Freizeit. Moderne Wohnungen haben durchweg sehr hohe (ECO-) W\u00e4rmestandards zu erf\u00fcllen, um Energie zu sparen. Dies ist in erster Linie mal positiv. Leider erkauft man sich zugleich auch Innenr\u00e4ume, in denen <strong>fast kein Luftaustausch mehr<\/strong> stattfindet. Zudem werden vermehrt auch f\u00fcr <strong>den Menschen belastende Bausubstanzen<\/strong> benutzt.<\/p>\n<p>So sind Sie als Innenraumnutzer immer \u00f6fter von <strong>Wohngiften<\/strong> betroffen. Die Folge k\u00f6nnen Unwohlsein und gesundheitliche Beschwerden sein, die sich insbesondere am Arbeitsplatz auf die \u008d\u00abLeichtigkeit des Seins\u00bb und die Produktivit\u00e4t negativ auswirken.<\/p>\n<p><strong>Folgende Beschwerden treten h\u00e4ufig bei Innenraumbelastungen auf:<\/strong><\/p>\n<ul>\n<li>Kopfschmerzen<\/li>\n<li>Unwohlsein<\/li>\n<li>Abgespanntheit<\/li>\n<li>schnelle Erm\u00fcdung<\/li>\n<li>erh\u00f6hte Infektanf\u00e4lligkeit<\/li>\n<li>Haut- und\/oder Schleimhautreizungen von Augen und Atemwegen<\/li>\n<li>Nervenschmerzen an den Gliedmassen<\/li>\n<li>Gef\u00fchlsst\u00f6rungen<\/li>\n<\/ul>\n<\/div><\/section>\n<div style='height:30px' class='hr hr-invisible '><span class='hr-inner ' ><span class='hr-inner-style'><\/span><\/span><\/div>\n<section class=\"av_textblock_section\"  itemscope=\"itemscope\" itemtype=\"https:\/\/schema.org\/CreativeWork\" ><div class='avia_textblock '   itemprop=\"text\" ><h2>Dienstleistungsspektrum unserer Laborabteilung<\/h2>\n<\/div><\/section>\n<div class=\"togglecontainer toggle_close_all \">\n<section class=\"av_toggle_section\"  itemscope=\"itemscope\" itemtype=\"https:\/\/schema.org\/CreativeWork\" >    <div class=\"single_toggle\" data-tags=\"{Alle} \" >        <p data-fake-id=\"#toggle-id-1\" class=\"toggler \"  itemprop=\"headline\" >Gasf\u00f6rmige Stoffe, Aerosole<span class=\"toggle_icon\">        <span class=\"vert_icon\"><\/span><span class=\"hor_icon\"><\/span><\/span><\/p>        <div id=\"toggle-id-1-container\" class=\"toggle_wrap \" >            <div class=\"toggle_content invers-color\"  itemprop=\"text\" ><p><strong>Leichtfl\u00fcchtige organische Stoffe VOC (volatile organic compunds)<br \/>\n<\/strong>Diese Gruppe von Verbindungen wird von Materialien leicht an Luft abgegeben und aus dieser bestimmt. Dabei handelt es sich z.B. um verschiedenste L\u00f6semittel aus Anstrichen und Bauchemikalien, um Duftstoffe aus Haushaltsmitteln und Holz (z.B. Terpene) und Grundstoffe aus Kunststoffmaterialien (z.B. Styrol).<\/p>\n<p>Eine Belastung wird durch Analyse der Raumluft bestimmt. Materialproben dienen im Anschluss zur Quellenermittlung. Diese Verbindungen, insbesondere L\u00f6semittel, werden vor allem bei k\u00fcrzlich durchgef\u00fchrten (Renovierungs)arbeiten von Baumaterialien abgegeben.<\/p>\n<p><strong>Formaldehyd<\/strong><br \/>\nDie Hauptquelle f\u00fcr Formaldehyd sind Pressspanplatten. Weitere Quellen wie Ortsch\u00e4ume auf PU-Basis und gest\u00e4rkte Textilien werden immer wieder identifiziert. Eine Belastung wird durch Messung der Raumluftkonzentration erfasst. Materialproben dienen im Anschluss zur Quellenermittlung.<\/p>\n<p><strong>Aldehyde<\/strong><br \/>\nDiese Gruppe ist haupts\u00e4chlich f\u00fcr geruchliche Auff\u00e4lligkeiten in R\u00e4umen verantwortlich. Aldehyde werden \u00fcberwiegend erst durch chemische Abbaureaktionen gebildet, so dass ein Auftreten nicht immer mit Arbeiten in zeitlichem Zusammenhang steht. Seltener sind sie von Beginn an in Materialien enthalten und sofort geruchlich auff\u00e4llig, wie z.B. bei OSB-Platten oder Linoleum.<\/p>\n<p>Eine Belastung wird durch Messung der Raumluftkonzentration erfasst. Materialproben dienen im Anschluss zur Quellenermittlung.<\/p>\n<p><strong>Holzschutzmittel<br \/>\n<\/strong>Die bekanntesten Holzschutzmittel sind Lindan und Pentachlorphenol (PCP), sowie DDT und Dichlofluanid. Im Innenbereich wurde Holz h\u00e4ufig mit Holzschutzmitteln behandelt, auch wenn dies nicht notwendig gewesen w\u00e4re. In der Hoch-Zeit der Holzschutzmittel Lindan und Pentachlorphenol in den 70er-Jahren wurde fast jedes Holz damit behandelt.<br \/>\n[Bilder]<br \/>\nDie behandelten H\u00f6lzer k\u00f6nnen auch noch nach Jahren die Verbindungen abgeben und den Raum belasten. Neben \u00f6ffentlichen Geb\u00e4uden und Forsth\u00e4usern, bei denen die Problematik meist bekannt ist, sind aber viele Privath\u00e4user mit belasteten Holzdecken und -verkleidungen betroffen. Die Belastungsermittlung erfolgt analog den Bioziden.<\/p>\n<p><strong>Pyrethroide<\/strong><br \/>\nDie Gruppe der Pyrethroide wurde von dem kurzlebigen Wirkstoff der Chrysanthemen Pyrethreum abgeleitet.<br \/>\nDie eingesetzten, chemisch ver\u00e4nderten Pyrethroide sind stabiler und k\u00f6nnen auch noch Jahre nach ihrer Anwendung zu gesundheitlichen Problemen f\u00fchren. Das bekannteste Pyrethroid ist Permethrin, das in vielen Wollteppichen enthalten ist. Die Belastungsermittlung erfolgt analog den Bioziden.<\/p>\n            <\/div>        <\/div>    <\/div><\/section>\n<section class=\"av_toggle_section\"  itemscope=\"itemscope\" itemtype=\"https:\/\/schema.org\/CreativeWork\" >    <div class=\"single_toggle\" data-tags=\"{Alle} \" >        <p data-fake-id=\"#toggle-id-2\" class=\"toggler \"  itemprop=\"headline\" >Mittelfl\u00fcchtige Stoffe<span class=\"toggle_icon\">        <span class=\"vert_icon\"><\/span><span class=\"hor_icon\"><\/span><\/span><\/p>        <div id=\"toggle-id-2-container\" class=\"toggle_wrap \" >            <div class=\"toggle_content invers-color\"  itemprop=\"text\" ><p><strong>Schwerfl\u00fcchtige SVOC (semi volantile organic compounds)<\/strong><br \/>\nBei diesen Verbindungen handelt es sich um Substanzen mit einem hohen Siedepunkt. Hierzu z\u00e4hlen u. a. Weichmacher, PAK (polycyclische aromatische Kohlenwasserstoffe), PCB (polychlorierte Biphenyle), Biozide, Flammschutzmittel etc.<\/p>\n<p><strong>Schwarzstaub\/black magic dust<\/strong><br \/>\nEin noch nicht g\u00e4nzlich gekl\u00e4rtes Ph\u00e4nomen. Vor allem Weichmacher stehen im Verdacht, f\u00fcr das Ph\u00e4nomen \u00abSchwarzstaubablagerung\u00bb mitverantwortlich zu sein. Zudem treten oft Komponenten von erh\u00f6htem Vorhandensein von Hausstaub und teilweise erh\u00f6hte elektrostatische Ladungen auf.<\/p>\n<p><strong>Weichmacher (Phtalate)<\/strong><br \/>\nWeichmacher werden vielen Kunststoffen, aber auch Anstrichen, Versiegelungen, Ausgleichsmassen, Dichtmassen etc. zugesetzt, um eine Elastizit\u00e4t des Materials zu erhalten.<\/p>\n<p><strong>PAK \u2013 Polycylische aromatische Kohlenwasserstoffe<\/strong><br \/>\nPolycyclische aromatische Kohlenwasserstoffe sind typische Bestandteile von Teer und Teerprodukten. In Innenr\u00e4umen wurden diese als Teerkleber f\u00fcr Bodenbel\u00e4ge und Teeranstriche bzw. Teerpappen zur Feuchteisolierung verwendet. H\u00e4ufig fallen sie schon durch ihren charakteristischen Geruch auf.<\/p>\n<p><strong>PCB &#8211; Polychlorierte Biphenyle<\/strong><br \/>\nPCB-haltige Produkte wurden vor allem als Flammschutzanstriche, Dichtungsmassen und Kondensatoren von Elektroger\u00e4ten und Lampen (Leuchtstoffr\u00f6hren) verwendet.<\/p>\n<p>Problemgeb\u00e4ude sind haupts\u00e4chlich \u00f6ffentliche Bauten und Gewerbeobjekte aus den 70er Jahren, bei denen PCB-haltige Dichtungsmaterialien oder PCB-haltige Flammschutzmittel eingesetzt wurden. Eine Belastungsermittlung ist sehr gut mit einer Luftmessung m\u00f6glich.<\/p>\n<p><strong>Biozide<\/strong><br \/>\nBiozide im Bereich Innenraum sind Verbindungen, die gegen biologische Lebewesen wirken sollen. Die Gruppe der Biozide enth\u00e4lt u. a. Insektizide (gegen Insekten), Fungizide (gegen Schimmel) und Akarizide (gegen Milben). Hauptquellen sind behandelte Materialien jeglicher Art und ein direkter Einsatz z. B. als Mottenmittel oder durch den Kammerj\u00e4ger. Au\u00dferdem ist es m\u00f6glich, da\u00df Pflanzenschutzmittel aus der Landwirtschaft in Wohnungen eingeschleppt werden. Hier ist die eigentliche Quelle nat\u00fcrlich au\u00dferhalb der Wohnung zu suchen.<br \/>\nBekannte Untergruppen der Biozide sind die Holzschutzmittel und die Pyrethroide. Eine Belastung kann durch Untersuchung des Staubes ermittelt werden. Bei dieser kosteng\u00fcnstigen Untersuchung wird eine Vielzahl von Bioziden erfasst und die Probenahme kann vom Auftraggeber durchgef\u00fchrt werden. Zur genauen Belastungsermittlung sind f\u00fcr einige Biozide Luftmessungen sinnvoll. Materialproben dienen dann zur Quellenermittlung oder initial zum Ausschluss einer m\u00f6glichen Quelle.<br \/>\nEine Einteilung der Biozide ist auf verschiedene Weise m\u00f6glich wie nach Einsatzspektrum (Holzschutz, Wollschutz, Teppichschutz etc.) oder nach chemischer Struktur (chlororganische Verbindungen, Pyrethroide, Phosphors\u00e4ureester, Carbamate etc.).<\/p>\n<p><strong>Flammschutzmittel<\/strong><br \/>\nFlammschutzmittel werden in vielen Bereichen eingesetzt, in denen eine Brandgefahr minimiert werden soll. Dabei k\u00f6nnen sie bei der Herstellung dem Material zugesetzt werden (z. B. Kunststoffe, Textilien, Versiegelung, Ausgleichsmasse, Dichtmasse etc.) oder nachtr\u00e4glich aufgebracht werden (Anstriche auf Holz, Metall etc.). Dabei haben sie h\u00e4ufig weitere wichtige Eigenschaften (z. B. als Weichmacher, Glanzbilder, Antirutschmittel).<\/p>\n            <\/div>        <\/div>    <\/div><\/section>\n<section class=\"av_toggle_section\"  itemscope=\"itemscope\" itemtype=\"https:\/\/schema.org\/CreativeWork\" >    <div class=\"single_toggle\" data-tags=\"{Alle} \" >        <p data-fake-id=\"#toggle-id-3\" class=\"toggler \"  itemprop=\"headline\" >Feste Stoffe \/ Partikel<span class=\"toggle_icon\">        <span class=\"vert_icon\"><\/span><span class=\"hor_icon\"><\/span><\/span><\/p>        <div id=\"toggle-id-3-container\" class=\"toggle_wrap \" >            <div class=\"toggle_content invers-color\"  itemprop=\"text\" ><p><strong>K\u00fcnstliche Mineralfasern\/Asbestfasern<\/strong><br \/>\nK\u00fcnstliche Mineralfasern KMF incl. Asbest k\u00f6nnen in Innenr\u00e4umen nur zu Problemen f\u00fchren, wenn ein direkter Zugang zu dem Material m\u00f6glich ist oder ein Abrieb besteht, so dass sich die Fasern \u00fcber die Luft und den Staub ausbreiten k\u00f6nnen. Besondere Gef\u00e4hrdung besteht, wenn KMF-haltiges Material bearbeitet wird.<br \/>\nEine h\u00e4ufige Quelle f\u00fcr Asbest sind Nachtspeicher\u00f6fen, Eternitplatten, \u00e4ltere Fussbodenbel\u00e4ge und Verkleidungsplatten mit asbesthaltigem Material. F\u00fcr weitere KMF liegt die Hauptquelle in D\u00e4mmmaterial jeglicher Art.<br \/>\nDie h\u00e4ufigsten Asbestarten sind Weissasbest (Chrysotil), Blauasbest (Krokydolith) und Braunasbest (Amosit).<br \/>\n[Bilder]<\/p>\n<p><strong>Schwermetalle<\/strong><br \/>\nDie bekanntesten und giftigsten Schwermetalle sind Blei, Quecksilber und Cadmium. Schwermetalle sind (mit Ausnahme von Quecksilber) immer an Staub gebunden und stammen meist von grossfl\u00e4chigen Quellen (z. B. Anstriche) oder Quellen mit erh\u00f6htem Abrieb (z. B. Fussboden). Eingesetzt werden sie in Farben (z.B. Blei, Cadmium, Chrom), in Holzschutzmitteln (z.B. Chrom, Arsen, Kupfer, Quecksilber) oder als Flammschutzzusatz (z.B. Antimon).<br \/>\nWesentlich gr\u00f6ssere Bedeutung besitzen Metalle, die wir mit der Nahrung oder dem Trinkwasser aufnehmen.<\/p>\n            <\/div>        <\/div>    <\/div><\/section>\n<\/div>\n<div style='height:50px' class='hr hr-invisible '><span class='hr-inner ' ><span class='hr-inner-style'><\/span><\/span><\/div>\n<section class=\"av_textblock_section\"  itemscope=\"itemscope\" itemtype=\"https:\/\/schema.org\/CreativeWork\" ><div class='avia_textblock '   itemprop=\"text\" ><h2>Analytik der Innenraumschadstoffe<\/h2>\n<\/div><\/section>\n<section class=\"av_textblock_section\"  itemscope=\"itemscope\" itemtype=\"https:\/\/schema.org\/CreativeWork\" ><div class='avia_textblock '   itemprop=\"text\" ><p><strong>Chemie- und Mikrobiologieuntersuchungen<\/strong> sind sehr h\u00e4ufig Bestandteil von Innenraumuntersuchungen. Unser Labor ist f\u00fcr die <strong>Untersuchung von chemischen Innenraumschadstoffen<\/strong> aus Luft-, Staub- und Materialproben akkreditiert (EN-ISO-17025- Akkreditierung).<\/p>\n<p><strong>Dienstleistungen:<\/strong><br \/>\n1. Wir bieten Ihnen die komplette Analytik von den Probenahmen vor Ort \u00fcber die Auswertung im Labor bis zur Messberichterstellung (Gutachten).<\/p>\n<p>2. Wir unterst\u00fctzen Ingenieurb\u00fcros, Baubiologen und Fachkr\u00e4fte im Bereich Innenraumdiagnostik durch unsere Laboranalytik. Mit unserer langj\u00e4hrigen Erfahrung unterst\u00fctzen wir Sie bei der Auswahl des Analysenumfangs und bei den von Ihnen durchgef\u00fchrten Probenahmen.<\/p>\n<\/div><\/section>\n<div style='height:30px' class='hr hr-invisible '><span class='hr-inner ' ><span class='hr-inner-style'><\/span><\/span><\/div>\n<section class=\"av_textblock_section\"  itemscope=\"itemscope\" itemtype=\"https:\/\/schema.org\/CreativeWork\" ><div class='avia_textblock '   itemprop=\"text\" ><h2>Unser Experte ist f\u00fcr Sie da<\/h2>\n<\/div><\/section>\n<section class=\"av_textblock_section\"  itemscope=\"itemscope\" itemtype=\"https:\/\/schema.org\/CreativeWork\" ><div class='avia_textblock '   itemprop=\"text\" ><h4><\/h4>\n<p>Unser Innenraumexperte hilft Ihnen gerne weiter. Ebenso stehen Ihnen Pr\u00fcfingenieure\/ Messtechniker\/ Umweltanalytiker zur Unterst\u00fctzung vor Ort zur Verf\u00fcgung.<\/p>\n<h4>Sichere Laborwerte geben Gew\u00e4hr &#8211; \u00abClean Buildings\u00bb sind langfristig g\u00fcnstiger \u2013 Lifecycle Costs im Griff.<\/h4>\n<\/div><\/section>\n<div  class='hr hr-default '><span class='hr-inner ' ><span class='hr-inner-style'><\/span><\/span><\/div>\n<div class=\"flex_column av_one_full  flex_column_div av-zero-column-padding first  \" style='border-radius:0px; '><section class=\"av_textblock_section\"  itemscope=\"itemscope\" itemtype=\"https:\/\/schema.org\/CreativeWork\" ><div class='avia_textblock '   itemprop=\"text\" ><h2><span style=\"color: #009dd1;\">Ja, ich will eine gepr\u00fcfte, schadstoffarme, gesunde Immobilie!<\/span><\/h2>\n<\/div><\/section><br \/>\n<div class='avia-button-wrap avia-button-left '><a href='https:\/\/www.nachhaltigkeit-ingna.ch\/wordpress\/ueber-ingna\/kontaktseite\/' class='avia-button  avia-icon_select-no avia-color-theme-color avia-size-large avia-position-left '   ><span class='avia_iconbox_title' >Kontaktieren Sie uns<\/span><\/a><\/div><\/p><\/div>\n","protected":false},"excerpt":{"rendered":"","protected":false},"author":2,"featured_media":2238,"parent":0,"menu_order":0,"comment_status":"closed","ping_status":"open","template":"","meta":{"footnotes":""},"_links":{"self":[{"href":"https:\/\/www.nachhaltigkeit-ingna.ch\/wordpress\/wp-json\/wp\/v2\/pages\/12"}],"collection":[{"href":"https:\/\/www.nachhaltigkeit-ingna.ch\/wordpress\/wp-json\/wp\/v2\/pages"}],"about":[{"href":"https:\/\/www.nachhaltigkeit-ingna.ch\/wordpress\/wp-json\/wp\/v2\/types\/page"}],"author":[{"embeddable":true,"href":"https:\/\/www.nachhaltigkeit-ingna.ch\/wordpress\/wp-json\/wp\/v2\/users\/2"}],"replies":[{"embeddable":true,"href":"https:\/\/www.nachhaltigkeit-ingna.ch\/wordpress\/wp-json\/wp\/v2\/comments?post=12"}],"version-history":[{"count":43,"href":"https:\/\/www.nachhaltigkeit-ingna.ch\/wordpress\/wp-json\/wp\/v2\/pages\/12\/revisions"}],"predecessor-version":[{"id":3373,"href":"https:\/\/www.nachhaltigkeit-ingna.ch\/wordpress\/wp-json\/wp\/v2\/pages\/12\/revisions\/3373"}],"wp:featuredmedia":[{"embeddable":true,"href":"https:\/\/www.nachhaltigkeit-ingna.ch\/wordpress\/wp-json\/wp\/v2\/media\/2238"}],"wp:attachment":[{"href":"https:\/\/www.nachhaltigkeit-ingna.ch\/wordpress\/wp-json\/wp\/v2\/media?parent=12"}],"curies":[{"name":"wp","href":"https:\/\/api.w.org\/{rel}","templated":true}]}}