{"id":1121,"date":"2015-01-07T00:36:05","date_gmt":"2015-01-07T00:36:05","guid":{"rendered":"http:\/\/www.nachhaltigkeit-ingna.ch\/wordpress\/wordpress\/wordpress\/wordpress?page_id=1121"},"modified":"2024-07-11T10:52:42","modified_gmt":"2024-07-11T08:52:42","slug":"ueber-uns","status":"publish","type":"page","link":"https:\/\/www.nachhaltigkeit-ingna.ch\/wordpress\/ueber-ingna\/ueber-uns\/","title":{"rendered":"\u00dcber ingna"},"content":{"rendered":"<div style='padding-bottom:10px;' class='av-special-heading av-special-heading-h1  blockquote modern-quote  '><h1 class='av-special-heading-tag'  itemprop=\"headline\"  >Das ingna-Team: ExptertInnen des gesunden und Nachhaltigen Bauens &#8211; Messtechnik <span class='special_amp'>&amp;<\/span> Beratung<\/h1><div class='special-heading-border'><div class='special-heading-inner-border' ><\/div><\/div><\/div>\n<div class=\"flex_column av_one_third  flex_column_div av-zero-column-padding first  \" style='border-radius:0px; '><p><section class='avia-team-member '  itemscope=\"itemscope\" itemtype=\"https:\/\/schema.org\/Person\" ><div class='team-img-container'><img class='avia_image avia_image_team' src='http:\/\/nachhaltigkeit-ingna.ch\/wp-content\/uploads\/2015\/01\/X_Team_AN_330X460.jpg' alt='Adrian Nussbaumer'  itemprop=\"image\"  \/><div class='team-social'><div class='team-social-inner'><span class='hidden av_member_url_markup  xing'  itemprop=\"url\" >https:\/\/www.xing.com\/profile\/Adrian_Nussbaumer?sc_o=mxb_p<\/span><a rel='v:url' data-avia-tooltip=\"Xing\u2019en Sie Adrian Nussbaumer pers\u00f6nlich - Danke\" target='_blank' class=' xing avia-team-icon ' href='https:\/\/www.xing.com\/profile\/Adrian_Nussbaumer?sc_o=mxb_p' aria-hidden='true' data-av_icon='\ue814' data-av_iconfont='entypo-fontello'><\/a><span class='hidden av_member_url_markup  linkedin'  itemprop=\"url\" >https:\/\/www.linkedin.com\/profile\/edit?trk=nav_responsive_sub_nav_edit_profile<\/span><a rel='v:url' data-avia-tooltip=\"LinkedIn\u2019 len sie Adrian Nussbaumer pers\u00f6nlich - Danke\"  class=' linkedin avia-team-icon ' href='https:\/\/www.linkedin.com\/profile\/edit?trk=nav_responsive_sub_nav_edit_profile' aria-hidden='true' data-av_icon='\ue8fd' data-av_iconfont='entypo-fontello'><\/a><span class='hidden av_member_url_markup  plus-google'  itemprop=\"url\" >https:\/\/plus.google.com\/u\/0\/112208349488249879490\/about\/p\/pub<\/span><a rel='v:url' data-avia-tooltip=\"googel +\u2019len Sie mit uns - Danke\" target='_blank' class=' plus-google avia-team-icon ' href='https:\/\/plus.google.com\/u\/0\/112208349488249879490\/about\/p\/pub' aria-hidden='true' data-av_icon='\ue8f7' data-av_iconfont='entypo-fontello'><\/a><span class='hidden av_member_url_markup  facebook'  itemprop=\"url\" >https:\/\/www.facebook.com\/adrian.nussbaumer.64<\/span><a rel='v:url' data-avia-tooltip=\"facebook\u2019len Sie Adrian Nussbaumer pers\u00f6nlich - Danke\"  class=' facebook avia-team-icon ' href='https:\/\/www.facebook.com\/adrian.nussbaumer.64' aria-hidden='true' data-av_icon='\ue8f4' data-av_iconfont='entypo-fontello'><\/a><\/div><\/div><\/div><h3 class='team-member-name'   itemprop=\"name\" >Adrian Nussbaumer<\/h3><div class='team-member-job-title '   itemprop=\"jobTitle\" >CEO, Senior Consultant, Messtechnik &amp; Beratung Nachhaltige Bauten<\/div><span class='hidden team-member-affiliation'  itemprop=\"affiliation\" >ingna Ingenieurb\u00fcro f\u00fcr Nachhaltigkeit ingna GmbH<\/span><\/section><br \/>\n<section class=\"av_textblock_section\"  itemscope=\"itemscope\" itemtype=\"https:\/\/schema.org\/CreativeWork\" ><div class='avia_textblock '  style='font-size:10px; '  itemprop=\"text\" ><p><strong>Gesch\u00e4ftsf\u00fchrer, Partner<\/strong><\/p>\n<p>dipl. Ing. (FH)<br \/>\nGeb\u00e4udeauditor Nachhaltiger Bauten DGNB (Schweiz)<br \/>\nGeb\u00e4udeauditor SNBS<br \/>\nL\u00fcftungshygiene-Inspektor SWKI<br \/>\neidg. Blitzschutzexperte VKF<br \/>\neidg. Elektroinstallateur esti<br \/>\neidg. Radonfachperson BAG<br \/>\nSchallfachperson SUVA<br \/>\nAsbest\/Bauschadstoffdiagnostiker FAGES\/FACH\/SUVA<br \/>\nElektro \u2013 Schadensfallexperte; GVZG<br \/>\nBaubiologe + Messtechniker IBN<br \/>\nzertifizierte <a href=\"https:\/\/www.giftfreie-schaedlingsbekaempfung.de\/\" target=\"_blank\" rel=\"noopener\">Giftfreie Sch\u00e4dlingsbek\u00e4mpfer<\/a><\/p>\n<\/div><\/section><br \/>\n<section class=\"av_textblock_section\"  itemscope=\"itemscope\" itemtype=\"https:\/\/schema.org\/CreativeWork\" ><div class='avia_textblock '   itemprop=\"text\" ><p><strong>E-Mail <\/strong><a href=\"mailto:adrian.nussbaumer@ingna.ch\">adrian.nussbaumer@ingna.ch<\/a><br \/>\n<strong>Telefon<\/strong> +41 41 500 50 20<\/p>\n<\/div><\/section><\/p><\/div><div class=\"flex_column av_one_third  flex_column_div av-zero-column-padding   \" style='border-radius:0px; '><p><section class='avia-team-member '  itemscope=\"itemscope\" itemtype=\"https:\/\/schema.org\/Person\" ><div class='team-img-container'><img class='avia_image avia_image_team' src='http:\/\/www.nachhaltigkeit-ingna.ch\/wordpress\/wp-content\/uploads\/2022\/03\/Ingna_RahelMetzger_Bauphysik_Schimmelanalytik_Bauforensik_-3-scaled.jpg' alt='Rahel Metzger'  itemprop=\"image\"  \/><div class='team-social'><div class='team-social-inner'><span class='hidden av_member_url_markup  plus-google'  itemprop=\"url\" >https:\/\/plus.google.com\/u\/0\/112208349488249879490\/about\/p\/pub<\/span><a rel='v:url' data-avia-tooltip=\"google +\u2019len sie mit uns - Danke\"  class=' plus-google avia-team-icon ' href='https:\/\/plus.google.com\/u\/0\/112208349488249879490\/about\/p\/pub' aria-hidden='true' data-av_icon='\ue8f7' data-av_iconfont='entypo-fontello'><\/a><span class='hidden av_member_url_markup  facebook'  itemprop=\"url\" >https:\/\/www.facebook.com\/pages\/Ingenieurb%C3%BCro-f%C3%BCr-Nachhaltigkeit-GmbH\/1392369854391579?fref=ts<\/span><a rel='v:url' data-avia-tooltip=\"facebook \u2019len sie mit uns - Danke\" target='_blank' class=' facebook avia-team-icon ' href='https:\/\/www.facebook.com\/pages\/Ingenieurb%C3%BCro-f%C3%BCr-Nachhaltigkeit-GmbH\/1392369854391579?fref=ts' aria-hidden='true' data-av_icon='\ue8f4' data-av_iconfont='entypo-fontello'><\/a><\/div><\/div><\/div><h3 class='team-member-name'   itemprop=\"name\" >Rahel Metzger<\/h3><div class='team-member-job-title '   itemprop=\"jobTitle\" >Expertin Messtechnik &amp; Beratung Elektrosmog\/NIS-St\u00f6rschall<\/div><span class='hidden team-member-affiliation'  itemprop=\"affiliation\" >ingna Ingenieurb\u00fcro f\u00fcr Nachhaltigkeit ingna GmbH<\/span><\/section><br \/>\n<section class=\"av_textblock_section\"  itemscope=\"itemscope\" itemtype=\"https:\/\/schema.org\/CreativeWork\" ><div class='avia_textblock '  style='font-size:10px; '  itemprop=\"text\" ><p><strong>Partnerin<\/strong><\/p>\n<p>dipl. Architektin ETH | SIA<br \/>\ndipl. Feng-Shui Beraterin FSC<br \/>\nBaubiologin + Messtechnikerin IBN<br \/>\nzertifizierte <a href=\"https:\/\/www.giftfreie-schaedlingsbekaempfung.de\/\" target=\"_blank\" rel=\"noopener\">Giftfreie Sch\u00e4dlingsbek\u00e4mpfer<\/a><\/p>\n<\/div><\/section><br \/>\n<section class=\"av_textblock_section\"  itemscope=\"itemscope\" itemtype=\"https:\/\/schema.org\/CreativeWork\" ><div class='avia_textblock '   itemprop=\"text\" ><p><strong>E-Mail <\/strong><a href=\"mailto:kontakt@ingna.ch\">kontakt@ingna.ch<\/a><br \/>\n<strong>Telefon<\/strong> +41 41 500 50 20<\/p>\n<\/div><\/section><\/p><\/div><div class=\"flex_column av_one_third  flex_column_div av-zero-column-padding   \" style='border-radius:0px; '><p><section class='avia-team-member '  itemscope=\"itemscope\" itemtype=\"https:\/\/schema.org\/Person\" ><div class='team-img-container'><img class='avia_image avia_image_team' src='http:\/\/www.nachhaltigkeit-ingna.ch\/wordpress\/wp-content\/uploads\/2022\/02\/ingna_HanspeterHefti_Baubiologe-1-scaled.jpg' alt='Hans Peter Hefti'  itemprop=\"image\"  \/><div class='team-social'><div class='team-social-inner'><span class='hidden av_member_url_markup  plus-google'  itemprop=\"url\" >https:\/\/plus.google.com\/u\/0\/112208349488249879490\/about\/p\/pub<\/span><a rel='v:url' data-avia-tooltip=\"googel +\u2019len Sie mit uns- Danke\" target='_blank' class=' plus-google avia-team-icon ' href='https:\/\/plus.google.com\/u\/0\/112208349488249879490\/about\/p\/pub' aria-hidden='true' data-av_icon='\ue8f7' data-av_iconfont='entypo-fontello'><\/a><span class='hidden av_member_url_markup  facebook'  itemprop=\"url\" >https:\/\/www.facebook.com\/pages\/Ingenieurb%C3%BCro-f%C3%BCr-Nachhaltigkeit-GmbH\/1392369854391579?fref=ts<\/span><a rel='v:url' data-avia-tooltip=\"facebook\u2019len Sie mit uns\" target='_blank' class=' facebook avia-team-icon ' href='https:\/\/www.facebook.com\/pages\/Ingenieurb%C3%BCro-f%C3%BCr-Nachhaltigkeit-GmbH\/1392369854391579?fref=ts' aria-hidden='true' data-av_icon='\ue8f4' data-av_iconfont='entypo-fontello'><\/a><\/div><\/div><\/div><h3 class='team-member-name'   itemprop=\"name\" >Hans Peter Hefti<\/h3><div class='team-member-job-title '   itemprop=\"jobTitle\" >Experte Messtechnik &amp; Beratung Elektrosmog\/NIS<\/div><span class='hidden team-member-affiliation'  itemprop=\"affiliation\" >ingna Ingenieurb\u00fcro f\u00fcr Nachhaltigkeit ingna GmbH<\/span><\/section><br \/>\n<section class=\"av_textblock_section\"  itemscope=\"itemscope\" itemtype=\"https:\/\/schema.org\/CreativeWork\" ><div class='avia_textblock '  style='font-size:10px; '  itemprop=\"text\" ><p><strong>Partner<\/strong><\/p>\n<p>Baubiologe IBN<br \/>\nBereiche:<br \/>\n&#8211; Elektrosmog (elektrische Wechselfelder, magnetische Wechselfelder, elektromagnetische Wellen, elektrische Gleichfelder, magnetische Gleichfelder)<br \/>\n&#8211; Radioaktivit\u00e4t, Radon<br \/>\n&#8211; Schallwellen<br \/>\n&#8211; Lichtqualit\u00e4t<br \/>\nFachexperte Airthings for business Sensoren<br \/>\nRadon Fachperson &#8211; RFP BAG<\/p>\n<\/div><\/section><br \/>\n<section class=\"av_textblock_section\"  itemscope=\"itemscope\" itemtype=\"https:\/\/schema.org\/CreativeWork\" ><div class='avia_textblock '   itemprop=\"text\" ><p><strong>E-Mail<\/strong> <a href=\"mailto:kontakt@ingna.ch\">kontakt@ingna.ch<\/a><br \/>\n<strong>Telefon<\/strong> +41 41 500 50 20<\/p>\n<\/div><\/section><\/p><\/div><\/p>\n<div class=\"flex_column av_one_third  flex_column_div av-zero-column-padding first  \" style='border-radius:0px; '><p><section class='avia-team-member '  itemscope=\"itemscope\" itemtype=\"https:\/\/schema.org\/Person\" ><div class='team-img-container'><img class='avia_image avia_image_team' src='http:\/\/www.nachhaltigkeit-ingna.ch\/wordpress\/wp-content\/uploads\/2022\/05\/IngnaGmbH_MurielvanderVelde_-736x1030.jpg' alt='Muriel Van de Velde'  itemprop=\"image\"  \/><div class='team-social'><div class='team-social-inner'><span class='hidden av_member_url_markup  xing'  itemprop=\"url\" >https:\/\/www.xing.com\/profile\/Adrian_Nussbaumer?sc_o=mxb_p<\/span><a rel='v:url' data-avia-tooltip=\"Xing\u2019en Sie Adrian Nussbaumer pers\u00f6nlich - Danke\" target='_blank' class=' xing avia-team-icon ' href='https:\/\/www.xing.com\/profile\/Adrian_Nussbaumer?sc_o=mxb_p' aria-hidden='true' data-av_icon='\ue814' data-av_iconfont='entypo-fontello'><\/a><span class='hidden av_member_url_markup  linkedin'  itemprop=\"url\" >https:\/\/www.linkedin.com\/profile\/edit?trk=nav_responsive_sub_nav_edit_profile<\/span><a rel='v:url' data-avia-tooltip=\"LinkedIn\u2019 len sie Adrian Nussbaumer pers\u00f6nlich - Danke\"  class=' linkedin avia-team-icon ' href='https:\/\/www.linkedin.com\/profile\/edit?trk=nav_responsive_sub_nav_edit_profile' aria-hidden='true' data-av_icon='\ue8fd' data-av_iconfont='entypo-fontello'><\/a><span class='hidden av_member_url_markup  plus-google'  itemprop=\"url\" >https:\/\/plus.google.com\/u\/0\/112208349488249879490\/about\/p\/pub<\/span><a rel='v:url' data-avia-tooltip=\"googel +\u2019len Sie mit uns - Danke\" target='_blank' class=' plus-google avia-team-icon ' href='https:\/\/plus.google.com\/u\/0\/112208349488249879490\/about\/p\/pub' aria-hidden='true' data-av_icon='\ue8f7' data-av_iconfont='entypo-fontello'><\/a><span class='hidden av_member_url_markup  facebook'  itemprop=\"url\" >https:\/\/www.facebook.com\/adrian.nussbaumer.64<\/span><a rel='v:url' data-avia-tooltip=\"facebook\u2019len Sie Adrian Nussbaumer pers\u00f6nlich - Danke\"  class=' facebook avia-team-icon ' href='https:\/\/www.facebook.com\/adrian.nussbaumer.64' aria-hidden='true' data-av_icon='\ue8f4' data-av_iconfont='entypo-fontello'><\/a><\/div><\/div><\/div><h3 class='team-member-name'   itemprop=\"name\" >Muriel Van de Velde<\/h3><div class='team-member-job-title '   itemprop=\"jobTitle\" >HRV Expertin, Gesundheits- und Ern\u00e4hrungscoach, Regeneration Mensch (Darm \/ \u201cSilent Inflammation\u201d \/ Longevity)<\/div><span class='hidden team-member-affiliation'  itemprop=\"affiliation\" >ingna Ingenieurb\u00fcro f\u00fcr Nachhaltigkeit ingna GmbH<\/span><\/section><br \/>\n<section class=\"av_textblock_section\"  itemscope=\"itemscope\" itemtype=\"https:\/\/schema.org\/CreativeWork\" ><div class='avia_textblock '  style='font-size:10px; '  itemprop=\"text\" ><p><strong>Partnerin<\/strong><\/p>\n<p>Master in Betriebswirtschaft, Schwerpunkt Finanzen<br \/>\nZert. Herzratenvariabilit\u00e4t Salutologin (Institut f\u00fcr Salutologie) &#8211; Stressresilienz und Leistungsf\u00e4higkeit steigern<br \/>\nErn\u00e4hrungsberatering- und therapeutin (Swiss Pr\u00e4vensana Akademie)<\/p>\n<\/div><\/section><br \/>\n<section class=\"av_textblock_section\"  itemscope=\"itemscope\" itemtype=\"https:\/\/schema.org\/CreativeWork\" ><div class='avia_textblock '   itemprop=\"text\" ><p><strong>E-Mail<\/strong> <a href=\"mailto:kontakt@ingna.ch\">kontakt@ingna.ch<\/a><\/p>\n<p><strong>Telefon: <\/strong>041 500 5020<\/p>\n<\/div><\/section><\/p><\/div>\n<div class=\"flex_column av_one_third  flex_column_div av-zero-column-padding   \" style='border-radius:0px; '><p><section class='avia-team-member '  itemscope=\"itemscope\" itemtype=\"https:\/\/schema.org\/Person\" ><div class='team-img-container'><img class='avia_image avia_image_team' src='http:\/\/www.nachhaltigkeit-ingna.ch\/wordpress\/wp-content\/uploads\/2023\/06\/BastianBerndl_Ingna_Innenraumanalytik.jpg' alt='Bastian Berndl'  itemprop=\"image\"  \/><div class='team-social'><div class='team-social-inner'><span class='hidden av_member_url_markup  plus-google'  itemprop=\"url\" >https:\/\/plus.google.com\/u\/0\/112208349488249879490\/about\/p\/pub<\/span><a rel='v:url' data-avia-tooltip=\"googel +\u2019len Sie mit uns- Danke\" target='_blank' class=' plus-google avia-team-icon ' href='https:\/\/plus.google.com\/u\/0\/112208349488249879490\/about\/p\/pub' aria-hidden='true' data-av_icon='\ue8f7' data-av_iconfont='entypo-fontello'><\/a><span class='hidden av_member_url_markup  facebook'  itemprop=\"url\" >https:\/\/www.facebook.com\/pages\/Ingenieurb%C3%BCro-f%C3%BCr-Nachhaltigkeit-GmbH\/1392369854391579?fref=ts<\/span><a rel='v:url' data-avia-tooltip=\"facebook\u2019len Sie mit uns\" target='_blank' class=' facebook avia-team-icon ' href='https:\/\/www.facebook.com\/pages\/Ingenieurb%C3%BCro-f%C3%BCr-Nachhaltigkeit-GmbH\/1392369854391579?fref=ts' aria-hidden='true' data-av_icon='\ue8f4' data-av_iconfont='entypo-fontello'><\/a><\/div><\/div><\/div><h3 class='team-member-name'   itemprop=\"name\" >Bastian Berndl<\/h3><div class='team-member-job-title '   itemprop=\"jobTitle\" >Experte Chemie-Analytik Leiter Labor<\/div><span class='hidden team-member-affiliation'  itemprop=\"affiliation\" >ingna Ingenieurb\u00fcro f\u00fcr Nachhaltigkeit ingna GmbH<\/span><\/section><br \/>\n<section class=\"av_textblock_section\"  itemscope=\"itemscope\" itemtype=\"https:\/\/schema.org\/CreativeWork\" ><div class='avia_textblock '  style='font-size:10px; '  itemprop=\"text\" ><p><strong>Partner<\/strong><\/p>\n<p>dipl.-Ing. (FH) Technische Chemie<br \/>\nInnenraumschadstoffexperte<br \/>\nFachgebiete: Fogging, Asbest, RoHS, SVHC<br \/>\nSpezialist Altlastensanierung und Umweltchemie<\/p>\n<\/div><\/section><br \/>\n<section class=\"av_textblock_section\"  itemscope=\"itemscope\" itemtype=\"https:\/\/schema.org\/CreativeWork\" ><div class='avia_textblock '   itemprop=\"text\" ><p><strong>E-Mail<\/strong> <a href=\"mailto:kontakt@ingna.ch\">kontakt@ingna.ch<\/a><br \/>\n<strong>Telefon<\/strong> +41 41 500 50 20<\/p>\n<\/div><\/section><\/p><\/div>\n<div style='height:30px' class='hr hr-invisible '><span class='hr-inner ' ><span class='hr-inner-style'><\/span><\/span><\/div>\n<div  class='hr hr-default '><span class='hr-inner ' ><span class='hr-inner-style'><\/span><\/span><\/div>\n<div class=\"flex_column av_one_full  flex_column_div av-zero-column-padding first  \" style='border-radius:0px; '><section class=\"av_textblock_section\"  itemscope=\"itemscope\" itemtype=\"https:\/\/schema.org\/CreativeWork\" ><div class='avia_textblock '   itemprop=\"text\" ><h4><strong>Das Ingenieurb\u00fcro f\u00fcr Nachhaltigkeit befasst sich professionell mit den Themen der Innenraum-Belastungen am Wohn- und Arbeitsplatz:<br \/>\n&#8220; Wir verstehen Geb\u00e4ude&#8220;, Optimierungen f\u00fcr gesunde Innenr\u00e4ume mit &#8222;Sp\u00fcrbar Wirkung&#8220;<br \/>\n<\/strong><\/h4>\n<p>Es sind dies die chemischen, mikrobiellen oder physikalischen Schadstoffe rsp. l\u00e4stige Belastungen in Innenr\u00e4umen. All diese Dienstleistungen gibt es schon seit 2001.<br \/>\nUnsere Dienstleistung beginnt teilweise bei den ersten strategischen Ueberlegungen von Bauten rsp. bei bestehenden Geb\u00e4uden mit der gesamten Messtechnik und Laboranalytik. Die Bewertung der erhobenen Daten f\u00fchrt oft zu Sanierungskonzepten und Sanierungsbegleitungen bis und mit den Qualit\u00e4ts-Sicherungs-Freigabemessungen.<br \/>\nZudem steht die Beratung und Planung von Neu- und Umbauten im Fokus- damit das Geb\u00e4ude von Beginn weg \u00abUFO\u00bb wird \u2013 ein \u00abuser friendly object\u00bb. H\u00f6chster Wohlf\u00fchlfaktor beim Geb\u00e4udenutzer ergibt h\u00f6chster Wohlf\u00fchlfaktor im Portemonnaie des Ge\u00e4udebesitzers. Hohe Zufriedenheit und damit Geb\u00e4uderendite ist das erstrebenswerte Ziel unserer Kunden und unsere h\u00f6chste Motivation.<\/p>\n<\/div><\/section><br \/>\n<section class=\"av_textblock_section\"  itemscope=\"itemscope\" itemtype=\"https:\/\/schema.org\/CreativeWork\" ><div class='avia_textblock '   itemprop=\"text\" ><h4><strong>Neuheiten ab 2022- die Innovationskraft geht weiter:<br \/>\n<\/strong><\/h4>\n<p><strong> Grosse \u00c4nderung zum Wohle unserer Kunden<br \/>\n<\/strong>P\u00fcnktlich zum 20. Firmenjubil\u00e4um wird eine in langen Jahren erforschte Technik , die jetzt startbereit f\u00fcr den Markt ist, bei ingna als &#8222;first-mover&#8220; im schweizerischen Ingenieurwesen eingef\u00fchrt:<\/p>\n<p>Der <strong>schnellste Nachweis<\/strong> von Umweltbelastungen beim Kunden:<\/p>\n<p><strong>HBA := Herz Balance Analyse,<\/strong> diese gesamtheitliche Analyse des k\u00f6rperlichen und Wohlf\u00fchl- Zustandes unserer Kunden erm\u00f6glicht es uns \u00fcber eine weit ausgedehnte<br \/>\nHRV ( Herz-Raten-Variabilit\u00e4t) den Einfluss der Umwelt-Belastungen, die wir gefunden haben aufzuzeigen und die Sanierungsmassnahmen deutlich zu machen.<br \/>\nUnsere Maxime &#8222;Sp\u00fcrbar Wirkung&#8220; findet somit eine naturwissenschaftlichen Nachweis in der Messtechnik.<br \/>\nAnderseits haben wir ein erweitertes Mess-System in den H\u00e4nden was uns die Dringlichkeit\/ Priorit\u00e4t aufzeigt, auf welcher der gefundenen Belastung (Physik\/Chemie\/Mikrobiologie) unser individueller Kunde anspricht. So werden unsere Sanierungsempfehlungen noch passgenauer!<\/p>\n<\/div><\/section><\/p><\/div>\n","protected":false},"excerpt":{"rendered":"","protected":false},"author":4,"featured_media":1298,"parent":16,"menu_order":0,"comment_status":"open","ping_status":"open","template":"","meta":{"footnotes":""},"_links":{"self":[{"href":"https:\/\/www.nachhaltigkeit-ingna.ch\/wordpress\/wp-json\/wp\/v2\/pages\/1121"}],"collection":[{"href":"https:\/\/www.nachhaltigkeit-ingna.ch\/wordpress\/wp-json\/wp\/v2\/pages"}],"about":[{"href":"https:\/\/www.nachhaltigkeit-ingna.ch\/wordpress\/wp-json\/wp\/v2\/types\/page"}],"author":[{"embeddable":true,"href":"https:\/\/www.nachhaltigkeit-ingna.ch\/wordpress\/wp-json\/wp\/v2\/users\/4"}],"replies":[{"embeddable":true,"href":"https:\/\/www.nachhaltigkeit-ingna.ch\/wordpress\/wp-json\/wp\/v2\/comments?post=1121"}],"version-history":[{"count":215,"href":"https:\/\/www.nachhaltigkeit-ingna.ch\/wordpress\/wp-json\/wp\/v2\/pages\/1121\/revisions"}],"predecessor-version":[{"id":4196,"href":"https:\/\/www.nachhaltigkeit-ingna.ch\/wordpress\/wp-json\/wp\/v2\/pages\/1121\/revisions\/4196"}],"up":[{"embeddable":true,"href":"https:\/\/www.nachhaltigkeit-ingna.ch\/wordpress\/wp-json\/wp\/v2\/pages\/16"}],"wp:featuredmedia":[{"embeddable":true,"href":"https:\/\/www.nachhaltigkeit-ingna.ch\/wordpress\/wp-json\/wp\/v2\/media\/1298"}],"wp:attachment":[{"href":"https:\/\/www.nachhaltigkeit-ingna.ch\/wordpress\/wp-json\/wp\/v2\/media?parent=1121"}],"curies":[{"name":"wp","href":"https:\/\/api.w.org\/{rel}","templated":true}]}}