{"id":1068,"date":"2015-01-05T15:00:57","date_gmt":"2015-01-05T14:00:57","guid":{"rendered":"http:\/\/www.nachhaltigkeit-ingna.ch\/wordpress\/wordpress\/wordpress\/wordpress?page_id=1068"},"modified":"2022-11-09T10:57:39","modified_gmt":"2022-11-09T09:57:39","slug":"spezielle-dienstleistungen","status":"publish","type":"page","link":"https:\/\/www.nachhaltigkeit-ingna.ch\/wordpress\/messtechnik\/spezielle-dienstleistungen\/","title":{"rendered":"Spezial-Messtechnik \u2013 unsere Besonderheit zu Ihrer Gesundheit"},"content":{"rendered":"<div style='padding-bottom:20px;color:#1e2a68;' class='av-special-heading av-special-heading-h1 custom-color-heading blockquote modern-quote  '><h1 class='av-special-heading-tag'  itemprop=\"headline\"  >Spezielle Dienstleistungen<\/h1><div class='special-heading-border'><div class='special-heading-inner-border' style='border-color:#1e2a68'><\/div><\/div><\/div>\n<section class=\"av_textblock_section\"  itemscope=\"itemscope\" itemtype=\"https:\/\/schema.org\/CreativeWork\" ><div class='avia_textblock '   itemprop=\"text\" ><h2>Magnetfeld-Kompensation<\/h2>\n<p>Magnetfelder, hervorgerufen durch Str\u00f6me von Bahnlinien und Hochspannungsleitungen, sind weitreichend und k\u00f6rperdurchdringend. Sie durchdringen mit ihrem physikalischen Aufbau sowohl Bauk\u00f6rper als auch den menschlichen K\u00f6rper. Dies bringt wieder eine Belastung technischen Ursprungs f\u00fcr den K\u00f6rper. Zudem k\u00f6nnen empfindliche Ger\u00e4te, wie IT-Netzwerkstrukturen und medizinische bildgebende Verfahren, davon auch gest\u00f6rt werden.<\/p>\n<p>Um die Wechselmagnetfelder im bewohnten Innenraum tief zu halten, ist der Regeltechnik-Computer AMC entwickelt worden. Er erzeugt innert Millisekunden ein genau entgegengerichtetes Magnetfeld. So wird das von aussen einwirkende Magnetfeld tief kompensiert.<\/p>\n<h2>Entmagnetisierung<\/h2>\n<p>Durch die heute gebr\u00e4uchlichste Bauweise mit Stahlarmierung im Beton wird das Erdmagnetfeld in Innenr\u00e4umen teilweise sehr stark verzerrt.<br \/>\nSind Sie schon mal mit einem Kompass durch Ihre R\u00e4ume gelaufen? Hatten Sie auch eine Anzeige wie ein Karussell? Diese Erdmagnetfeldverzerrungen sind schon lange als ungesund bekannt. Das gleiche Ph\u00e4nomen ist auch \u00fcber Wasseradern und geologische Spalten messbar.<\/p>\n<p>Mit unserem Starkmagneten k\u00f6nnen wir Magnetfeldst\u00f6rungen, die vom Baustahl hervorgerufen werden, stark mindern. Dadurch kann das nat\u00fcrliche Erdmagnetfeld im Geb\u00e4ude, insbesondere an Schlafpl\u00e4tzen, wieder ungest\u00f6rt wirken.<\/p>\n<p>Sauber \u2013 zerst\u00f6rungsfrei \u2013 langanhaltend\/ dauerhaft \u2013 nat\u00fcrliche Wirkung<\/p>\n<h2>L\u00fcftung \u2013 Hygieneinspektionen VA 104<\/h2>\n<p>Die Atemluft ist das wichtigste Nahrungsmittel des Menschen.<br \/>\nEs ist daher absolut wichtig, die Qualit\u00e4t der Luft in Innenr\u00e4umen stets auf h\u00f6chstem Niveau zu halten.<\/p>\n<p>Die \u00dcberpr\u00fcfung und Beurteilung aller Anlagenteile einer L\u00fcftung erfolgt entsprechend den Anforderungen der SWKI VA104-01. Mit unseren, dem neusten Stand der Technik angepassten Messger\u00e4ten und unserem Know-how werden die laut Richtlinie geforderten Beurteilungskriterien komplett erfasst.<\/p>\n<p>W\u00e4hrend der Hygieneinspektion in den Liegenschaften beraten wir unsere Ansprechpartner,<br \/>\nweisen auf Besonderheiten hin und sprechen Empfehlungen aus. Mit diesem Vorgehen<br \/>\nunterst\u00fctzen wir unsere Kunden effektiv und kostenbewusst bei der Umsetzung einer einwandfreien L\u00fcftungshygiene.<\/p>\n<p>Eine partnerschaftliche und effektive Zusammenarbeit, hohe Fachkompetenz sowie die<br \/>\npers\u00f6nliche Beratung machen das Ingenieurb\u00fcro f\u00fcr Nachhaltigkeit zum verl\u00e4sslichen Partner<br \/>\nbei allen Fragen der L\u00fcftungshygiene.<\/p>\n<h2><a href=\"https:\/\/schimmelpilz-spuerhund.ch\/\" target=\"_blank\" rel=\"noopener\">Schimmelsp\u00fcrhunde-Team<\/a><\/h2>\n<p>Gefahr durch Schimmel: Schimmelpilze in Wohnungen sind mehr als ein optisches Problem. Vermehrt finden sich schwarze Schimmelflecken, besonders an k\u00fchlen Aussenw\u00e4nden\/Ecken oder an Fensternischen. Betroffen sind nicht nur unsanierte Altbauten, sondern auch Neubauten und frisch ged\u00e4mmte H\u00e4user.<\/p>\n<p>80% der Schimmelpilzsch\u00e4den sind versteckt. Ursachen k\u00f6nnen u.a. alte Wassersch\u00e4den, anhaltende Neubaufeuchte oder auch Baustoffe sein, die schon vor dem Bau von den Pilzen befallen waren. Diese zu finden, ist gr\u00f6sste Detektivarbeit.<br \/>\nDeshalb arbeiten wir seit 2014 im Team mit professionell in der Schweiz ausgebildeten Tierdetektiven und deren F\u00fchrerInnen:<\/p>\n<p>Anzeichen f\u00fcr Schimmel, die in einem Innenraum auftreten k\u00f6nnen, gibt es viele. H\u00e4ufige unspezifische Symptome k\u00f6nnen sein:<\/p>\n<ul>\n<li>Schleimhautreizungen ( laufende Nase, Augentr\u00e4nen etc.)<\/li>\n<li>Augenbrennen<\/li>\n<li>M\u00fcdigkeit<\/li>\n<li>allergische Reaktionen<\/li>\n<li>h\u00e4ufige Infektionskrankheiten<\/li>\n<li>allgemeines Unwohlsein, \u00dcbelkeit<\/li>\n<li>verminderte Leistungsf\u00e4higkeit<\/li>\n<\/ul>\n<p>Sind diese oben genannten Symptome bereits aufgetreten? So k\u00f6nnen wir Ihnen helfen.<br \/>\nDer Einsatz eines <a href=\"https:\/\/schimmelpilz-spuerhund.ch\/\" target=\"_blank\" rel=\"noopener\">Schimmelsp\u00fcrhundes<\/a> bringt Ihnen viele Vorteile: Sch\u00fctzen Sie Ihre Gesundheit.<\/p>\n<ul>\n<li>Die Untersuchungen erfolgen zerst\u00f6rungsfrei.<\/li>\n<li>In vergleichsweise kurzer Zeit k\u00f6nnen grosse Fl\u00e4chen\/R\u00e4ume\/Geb\u00e4ude begangen werden.<\/li>\n<li>Eingrenzung von Probenahmestellen. Anzahl der Materialproben kann eingegrenzt werden.<\/li>\n<li>Stichprobenartige \u00dcberpr\u00fcfungen von Materialproben reichen aus, um zerst\u00f6rendes Arbeiten mit vielf\u00e4ltigen Bauteil\u00f6ffnungen zu vermeiden.<\/li>\n<\/ul>\n<h2>Blitzschutz<\/h2>\n<p>Die gr\u00f6sste nat\u00fcrliche elektrostatische Entladung ist der Blitzschlag.<br \/>\nSeine Wirkung ist f\u00fcr Mensch und Technik bei Volleinschlag meist t\u00f6dlich.<\/p>\n<p>Wir verf\u00fcgen nicht nur \u00fcber neustes Wissen, Ihr Haus vor grossen Sch\u00e4den zu sch\u00fctzen und die EMV-Grundlagen einzuhalten \u2013 das ist die K\u00fcr.<br \/>\nNein, uns k\u00f6nnen Sie auch die Pflicht\u00fcbung der von den Blitzschutzhoheiten der Kantone geforderten 10-j\u00e4hrigen \u00ab<strong>Kontrolle mit Attest\u00bb<\/strong> der Blitzschutzanlage anvertrauen.<\/p>\n<p><a href=\"http:\/\/www.gvzg.ch\/default.shtml\" target=\"_blank\" rel=\"noopener\">Adrian Nussbaumer ist eidg. Blitzschutzexperte &#8211; schweizweit<\/a><\/p>\n<h2>SINA \u2013 Sicherheitsnachweis der Elektroinstallationen<\/h2>\n<p>Die Sicherheit von Sachen und Personen im Zusammenhang mit den elektrischen Leitungen am Geb\u00e4ude muss gew\u00e4hrleistet sein!<br \/>\nLassen Sie dies, als verantwortlicher Geb\u00e4udebesitzer, regelm\u00e4ssig \u00fcberpr\u00fcfen, sp\u00e4testens nach einem Schadensfall.<br \/>\nZudem haben korrekt installierte Elektroanlagen auch weniger St\u00f6rfeldemissionen f\u00fcr EMV-Probleme!<\/p>\n<p><a href=\"http:\/\/aikb.esti.ch\/Default.aspx\" target=\"_blank\" rel=\"noopener\">Wir sind im Besitz der schweizweiten Elektro-Kontrollgenehmigung K-00883 vom Eidgen\u00f6ssischen Starkstrominspektorat!<\/a><br \/>\nGerne f\u00fchren wir auch die alle 5, 10 oder 20 Jahre geforderte \u00ab<strong>Periodische Kontrolle der Elektroinstallation<\/strong>\u00bb, welche vom lokalen EW (VNB) aufgeboten wird, durch.<\/p>\n<\/div><\/section>\n<div style='height:30px' class='hr hr-invisible '><span class='hr-inner ' ><span class='hr-inner-style'><\/span><\/span><\/div>\n<div class=\"flex_column av_one_full  flex_column_div first  \" ><p><section class=\"av_textblock_section\"  itemscope=\"itemscope\" itemtype=\"https:\/\/schema.org\/CreativeWork\" ><div class='avia_textblock '   itemprop=\"text\" ><p>Oder haben Sie Fragen zu einem dieser Themen?<\/p>\n<\/div><\/section><br \/>\n<div class='avia-button-wrap avia-button-left '><a href='https:\/\/www.nachhaltigkeit-ingna.ch\/wordpress\/ueber-ingna\/kontaktseite\/' class='avia-button  avia-icon_select-no avia-color-theme-color avia-size-small avia-position-left '  target=\"_blank\"   ><span class='avia_iconbox_title' >Handeln Sie jetzt und rufen Sie uns an!<\/span><\/a><\/div><\/p><\/div>\n","protected":false},"excerpt":{"rendered":"","protected":false},"author":4,"featured_media":394,"parent":14,"menu_order":0,"comment_status":"open","ping_status":"closed","template":"","meta":{"footnotes":""},"_links":{"self":[{"href":"https:\/\/www.nachhaltigkeit-ingna.ch\/wordpress\/wp-json\/wp\/v2\/pages\/1068"}],"collection":[{"href":"https:\/\/www.nachhaltigkeit-ingna.ch\/wordpress\/wp-json\/wp\/v2\/pages"}],"about":[{"href":"https:\/\/www.nachhaltigkeit-ingna.ch\/wordpress\/wp-json\/wp\/v2\/types\/page"}],"author":[{"embeddable":true,"href":"https:\/\/www.nachhaltigkeit-ingna.ch\/wordpress\/wp-json\/wp\/v2\/users\/4"}],"replies":[{"embeddable":true,"href":"https:\/\/www.nachhaltigkeit-ingna.ch\/wordpress\/wp-json\/wp\/v2\/comments?post=1068"}],"version-history":[{"count":39,"href":"https:\/\/www.nachhaltigkeit-ingna.ch\/wordpress\/wp-json\/wp\/v2\/pages\/1068\/revisions"}],"predecessor-version":[{"id":4002,"href":"https:\/\/www.nachhaltigkeit-ingna.ch\/wordpress\/wp-json\/wp\/v2\/pages\/1068\/revisions\/4002"}],"up":[{"embeddable":true,"href":"https:\/\/www.nachhaltigkeit-ingna.ch\/wordpress\/wp-json\/wp\/v2\/pages\/14"}],"wp:featuredmedia":[{"embeddable":true,"href":"https:\/\/www.nachhaltigkeit-ingna.ch\/wordpress\/wp-json\/wp\/v2\/media\/394"}],"wp:attachment":[{"href":"https:\/\/www.nachhaltigkeit-ingna.ch\/wordpress\/wp-json\/wp\/v2\/media?parent=1068"}],"curies":[{"name":"wp","href":"https:\/\/api.w.org\/{rel}","templated":true}]}}