{"id":1057,"date":"2015-01-05T14:32:58","date_gmt":"2015-01-05T14:32:58","guid":{"rendered":"http:\/\/www.nachhaltigkeit-ingna.ch\/wordpress\/wordpress\/wordpress\/wordpress?page_id=1057"},"modified":"2022-11-09T10:54:35","modified_gmt":"2022-11-09T09:54:35","slug":"unsere-dienstleistungen-im-ueberblick","status":"publish","type":"page","link":"https:\/\/www.nachhaltigkeit-ingna.ch\/wordpress\/messtechnik\/unsere-dienstleistungen-im-ueberblick\/","title":{"rendered":"Unsere Dienstleistungen im \u00dcberblick"},"content":{"rendered":"<div style='padding-bottom:10px;' class='av-special-heading av-special-heading-h1  blockquote modern-quote  '><h1 class='av-special-heading-tag'  itemprop=\"headline\"  >Unsere Dienstleistungen im \u00dcberblick<\/h1><div class='special-heading-border'><div class='special-heading-inner-border' ><\/div><\/div><\/div>\n<div style='height:30px' class='hr hr-invisible '><span class='hr-inner ' ><span class='hr-inner-style'><\/span><\/span><\/div>\n<section class=\"av_textblock_section\"  itemscope=\"itemscope\" itemtype=\"https:\/\/schema.org\/CreativeWork\" ><div class='avia_textblock '   itemprop=\"text\" ><h2><strong>\u00dcberblick Messungen<\/strong><\/h2>\n<p><strong>a) Elektrobiologie-, EMV-, NIS-Messungen:<\/strong><\/p>\n<ul>\n<li>Strahlungsintensit\u00e4t von Mobilfunkantennen 3G \/ 4G \/ 5G<\/li>\n<li>DECT-Telefone<\/li>\n<li>WLAN (WiFi) und Bluetooth<\/li>\n<li>Bahnstrom<\/li>\n<li>Hochspannungsleitungen<\/li>\n<li>Starkstromkabel im Erdreich<\/li>\n<li>Trafostationen<\/li>\n<li>Hausinstallation und elektrische Felder von elektrischen Ger\u00e4ten<br \/>\ninkl. NIS-Expertisen<\/li>\n<li>Spezialf\u00e4lle Kriechstr\u00f6me \/ vagabundierende Str\u00f6me \/ Fehlstr\u00f6me<br \/>\nZusatzmessungen, Physik:<\/li>\n<li>Akustikanalyse: St\u00f6rschall, K\u00f6rperschall<\/li>\n<\/ul>\n<p><strong>b) Chemie\/Schadstoff \u2013 Probenahmen:<br \/>\n<\/strong><\/p>\n<ul>\n<li>Altlasten \u2013 und Bauschadstoff-Untersuchungen (Geb\u00e4udecheck\/Geb\u00e4udescreening auf Asbest, PCB, PAK,CP)<br \/>\nnach gesetzlichen Richtlinien FAGES-VABS\/ASCA und SUVA<\/li>\n<li>Geruch-Indikation<\/li>\n<li>VOC-L\u00f6semittel-Analytik<\/li>\n<li>alle Parameter f\u00fcr RaumLuftQualit\u00e4t RLQ\/IAQ k\u00f6nnen wir auch projektspezisfisch im <a href=\"https:\/\/www.nachhaltigkeit-ingna.ch\/bauberatung\/raummonitoring-airthings\/\">Monitoring<\/a> auslegen<\/li>\n<\/ul>\n<p><strong>c) Mikrobiologie-, Schimmel-, Bakterien<\/strong><strong>-Probenahmen:<\/strong><\/p>\n<ul>\n<li>Schimmel-, Bakterienprobenahme inkl. Laborauswertung<\/li>\n<li>Feuchtigkeit, Geruch<\/li>\n<li><a href=\"https:\/\/www.bau-forensik.ch\/\" target=\"_blank\" rel=\"noopener\">Bauforensik, optische\u00a0Geb\u00e4udeforensik<\/a><\/li>\n<li>Sch\u00e4dlinge im Haus: wir bestimmen die Biologie und k\u00f6nnen Ihnen so die Variante <a href=\"https:\/\/www.giftfreie-schaedlingsbekaempfung.de\/\">giftfrei<\/a> nennen, wie Sie dauerhaft von den<br \/>\nungeliebten &#8222;Wanderungen&#8220; der Sch\u00e4dlinge weg kommen.<\/li>\n<\/ul>\n<\/div><\/section>\n<div style='height:30px' class='hr hr-invisible '><span class='hr-inner ' ><span class='hr-inner-style'><\/span><\/span><\/div>\n<section class=\"av_textblock_section\"  itemscope=\"itemscope\" itemtype=\"https:\/\/schema.org\/CreativeWork\" ><div class='avia_textblock '   itemprop=\"text\" ><h2>Detailbeschreibungen<\/h2>\n<p><strong>Arbeitsplatzuntersuchung<\/strong><\/p>\n<p>Ganz individuell bearbeiten wir jeden Arbeitsplatz in Ihrer Firma und optimieren die IT-Infrastruktur. Erreicht wird dies durch eine Kombination aus Analyse, Sanierung (Verbesserung) und Validierung (Nachmessung). Dadurch verbessert\u00a0 sich die Arbeitsumgebung jedes einzelnen Mitarbeiters! Dies\u00a0 wirkt langfristig und schafft Wertsch\u00e4tzung.\u00a0 Sie nutzen die neuste Kommunikationstechnologie und leisten einen grossen Beitrag zur Gesundheit Ihrer Mitarbeiter.<\/p>\n<p><strong>Schlafplatzuntersuchung<\/strong><\/p>\n<p>Ein gesunder Schlaf ist das A und O, um sich zu regenerieren, gesund zu bleiben oder gesund zu werden. Wenn sich Ihr Organismus nachts gut erholen kann, dann sind Sie f\u00fcr die t\u00e4glichen Anforderungen wie z.B. Stress oder Belastungen am Arbeitsplatz, besser ger\u00fcstet. Jedoch wird der Schlafplatz oft durch Unwissenheit oder Unachtsamkeit mit Elektrosmog stark belastet. Auch Faktoren, die von aussen kommen, wie z.B. W-LAN, Mobilfunk, Radar etc. k\u00f6nnen\u00a0 erhebliche St\u00f6rquellen darstellen, die Ihren Schlaf zus\u00e4tzlich belasten. Mit unserem Wissen helfen wir Ihnen, diese St\u00f6rquellen zu erkennen und zu beseitigen. Dadurch schaffen wir Ihnen die ideale Voraussetzung f\u00fcr einen gesunden Schlafplatz. Ihre Gesundheit wird es Ihnen danken! Nat\u00fcrlich spielen, besonders im Schlafzimmer, auch Belastungsquellen wie Schimmel oder Luftschadstoffe eine grosse Rolle und sollten beseitigt werden.<\/p>\n<p><strong>St\u00f6rschall, Ger\u00e4usche, Brummen<\/strong><\/p>\n<p>Nur wenn Sie selbst betroffen sind, wissen Sie, wie hilflos man sich f\u00fchlt, wenn man Ger\u00e4usche wahrnimmt, die andere nicht h\u00f6ren. Man kommt schwer zur Ruhe und der Schlaf wird oft durch diese Ger\u00e4usche beeintr\u00e4chtigt. Durch unterschiedliche Belastung im Alltag, insbesondere hochfrequente Strahlung, werden unsere Sinnesorgane, wie auch bei einem vorhandenen Tinnitus belastet. Da Menschen auf diese Einfl\u00fcsse unterschiedlich stark reagieren, kommt es dazu, dass manche die subtil feinen Ger\u00e4usche h\u00f6ren und andere nicht. Sie sind nicht alleine! Denn die Zahl der Betroffenen hat in den letzten Jahren stark zugenommen. Durch unsere hochsensible Messtechnik k\u00f6nnen wir diese feinen Ger\u00e4usche aufzeichnen und mit einer sehr umfangreichen Datenbank abgleichen. So l\u00e4sst sich die Ursache, in den meisten F\u00e4llen, eindeutig bestimmen und meist schnell beseitigen. Wir sind Mitglied im europ\u00e4ischen Netzwerk f\u00fcr angewandte Akustikanalyse.<\/p>\n<p><strong>Luftproben: Innenraumluft\/Luftschadstoffe<\/strong><\/p>\n<p>F\u00fchlen Sie sich h\u00e4ufig m\u00fcde, ausgelaugt und ohne Energie? Das liegt h\u00e4ufig an Schadstoffen in der Raumluft. L\u00fcften ist daher sehr wichtig, nur reicht das nicht aus, wenn Schadstoffe aus den Baumaterialen diffundieren und Ihre Raumluftqualit\u00e4t negativ beeintr\u00e4chtigen. Wir analysieren Ihre Raumluft und zeigen Ihnen genau die Ursachen auf. Dazu werden nach einem zertifizierten Verfahren eine oder mehrere Luftproben genommen. Die Analyse der Luftproben erfolgt in unserem Partnerlabor, das nach DIN EN ISO\/IEC 17025 durch die DAP (Deutsches Akkreditierungssystem Pr\u00fcfwesen GmbH) akkreditiert ist. Die Analyse gibt exakt Auskunft \u00fcber:<\/p>\n<ul>\n<li>luftverunreinigende chemische, faserf\u00f6rmige und mikrobiologische Stoffe<\/li>\n<li>Schadstoffe in Geb\u00e4uden<\/li>\n<li>Emissionen von Baumaterialien<\/li>\n<li>Bauphysik und Raumklima<\/li>\n<\/ul>\n<p><strong>Geruchsquellen suchen<\/strong><\/p>\n<p>Sollten Sie sonderbare Ger\u00fcche wahrnehmen (s\u00fcsslich, modrig etc.), dann k\u00f6nnte die Ursache versteckter Schimmel sein. Mit unserer hochwertigen Messtechnik k\u00f6nnen wir Ihre Raumluft analysieren und Schadstoffe oder Schimmel aufsp\u00fcren. Ger\u00fcche sind ein wichtiger Indikator f\u00fcr Schadstoffquellen! Nicht ohne Grund hat uns die Natur mit einer empfindlichen Nase ausgestattet. Sie soll uns davor bewahren, verschimmelte Nahrungsmittel zu uns zu nehmen.<\/p>\n<p><strong>Schimmel, Feuchtigkeit, Raumklima<\/strong><\/p>\n<p>Klare Zeichen f\u00fcr Schimmel sind: dunkle Flecken an W\u00e4nden, pelzig-grauer Belag in Ecken, modrig-s\u00fcsslicher Geruch, um nur einige zu nennen. Durch Duschen, Kochen oder W\u00e4schetrocknen produzieren wir in unseren Wohnungen t\u00e4glich, zus\u00e4tzlich zur Atemluft, sehr viel Feuchtigkeit. In einem Vier-Personen-Haushalt kann das bis zu 12 Liter Wasserdampf am Tag bedeuten. Kann die Feuchtigkeit nicht entweichen, bildet sich schnell unerw\u00fcnschter Schimmel. Was viele leider noch untersch\u00e4tzen ist, dass Schimmelbefall sich negativ auf das Raumklima auswirkt und eine erhebliche Gefahr f\u00fcr die Gesundheit bedeutet! Schimmelpilzsporen sind als Ausl\u00f6ser f\u00fcr allergische Atemwegserkrankungen bekannt. Die Mykotoxine \u2013 Giftstoffe, die viele Schimmelpilzarten bilden, schw\u00e4chen zum Teil massiv das Immunsystem des Menschen und das unserer Haustiere. Besonders gef\u00e4hrdet sind Kinder oder \u00e4ltere Menschen, bei denen das Immunsystem schw\u00e4cher ist. Sollten Sie Feuchtigkeit oder Schimmel festgestellt haben, dann rufen Sie uns heute noch an. Wir helfen Ihnen, die Ursache schnell festzustellen. Denn hat sich Schimmel einmal gebildet, verschwindet er nicht von alleine, sondern breitet sich weiter aus. Den Befall oberfl\u00e4chlich zu entfernen, reicht meistens nicht aus. Die Ursache muss behoben werden! Je nach Fall arbeiten wir auch mit ausgebildeten Schimmelsuchhunden zusammen.<\/p>\n<p><strong>Gutachten, Messberichte, Expertisen<\/strong><\/p>\n<p>Ben\u00f6tigen Sie eine Expertise, ein\u00a0 Gutachten, das selbst vor Gericht auch stand h\u00e4lt um Ihre Rechte zu untermauern. Kontaktieren Sie uns. Wir helfen wir Ihnen gerne.<\/p>\n<p>Zu einer professionellen Messung geh\u00f6rt ein fundierter und aussagekr\u00e4ftiger Messbericht.<br \/>\nDabei muss der Messbericht auch f\u00fcr Laien verst\u00e4ndlich und die Empfehlungen leicht umsetzbar sein. Nach 20 Jahren erfolgreichen Wirkens im Dienste unserer Kunden k\u00f6nnen wir auf viel positives Feedback zur\u00fcckschauen.<\/p>\n<p>Wir sind f\u00fcr Sie da!<\/p>\n<\/div><\/section>\n<div class='avia-button-wrap avia-button-left '><a href='https:\/\/www.nachhaltigkeit-ingna.ch\/wordpress\/ueber-ingna\/kontaktseite\/' class='avia-button  avia-icon_select-no avia-color-theme-color avia-size-small avia-position-left '  target=\"_blank\"   ><span class='avia_iconbox_title' >Kontaktieren Sie uns jetzt, gerne helfen wir Ihnen pers\u00f6nlich!<\/span><\/a><\/div>\n","protected":false},"excerpt":{"rendered":"","protected":false},"author":4,"featured_media":394,"parent":14,"menu_order":0,"comment_status":"open","ping_status":"open","template":"","meta":{"footnotes":""},"_links":{"self":[{"href":"https:\/\/www.nachhaltigkeit-ingna.ch\/wordpress\/wp-json\/wp\/v2\/pages\/1057"}],"collection":[{"href":"https:\/\/www.nachhaltigkeit-ingna.ch\/wordpress\/wp-json\/wp\/v2\/pages"}],"about":[{"href":"https:\/\/www.nachhaltigkeit-ingna.ch\/wordpress\/wp-json\/wp\/v2\/types\/page"}],"author":[{"embeddable":true,"href":"https:\/\/www.nachhaltigkeit-ingna.ch\/wordpress\/wp-json\/wp\/v2\/users\/4"}],"replies":[{"embeddable":true,"href":"https:\/\/www.nachhaltigkeit-ingna.ch\/wordpress\/wp-json\/wp\/v2\/comments?post=1057"}],"version-history":[{"count":34,"href":"https:\/\/www.nachhaltigkeit-ingna.ch\/wordpress\/wp-json\/wp\/v2\/pages\/1057\/revisions"}],"predecessor-version":[{"id":4001,"href":"https:\/\/www.nachhaltigkeit-ingna.ch\/wordpress\/wp-json\/wp\/v2\/pages\/1057\/revisions\/4001"}],"up":[{"embeddable":true,"href":"https:\/\/www.nachhaltigkeit-ingna.ch\/wordpress\/wp-json\/wp\/v2\/pages\/14"}],"wp:featuredmedia":[{"embeddable":true,"href":"https:\/\/www.nachhaltigkeit-ingna.ch\/wordpress\/wp-json\/wp\/v2\/media\/394"}],"wp:attachment":[{"href":"https:\/\/www.nachhaltigkeit-ingna.ch\/wordpress\/wp-json\/wp\/v2\/media?parent=1057"}],"curies":[{"name":"wp","href":"https:\/\/api.w.org\/{rel}","templated":true}]}}