{"id":1037,"date":"2015-01-05T13:15:43","date_gmt":"2015-01-05T13:15:43","guid":{"rendered":"http:\/\/www.nachhaltigkeit-ingna.ch\/wordpress\/wordpress\/wordpress\/wordpress?page_id=1037"},"modified":"2022-11-08T12:00:52","modified_gmt":"2022-11-08T11:00:52","slug":"pilze-bakterien-allergene","status":"publish","type":"page","link":"https:\/\/www.nachhaltigkeit-ingna.ch\/wordpress\/messtechnik\/pilze-bakterien-allergene\/","title":{"rendered":"C) Pilze \u2013 Bakterien \u2013 Allergene"},"content":{"rendered":"<div style='padding-bottom:10px;' class='av-special-heading av-special-heading-h1  blockquote modern-quote  '><h1 class='av-special-heading-tag'  itemprop=\"headline\"  >C) Pilze &#8211; Bakterien &#8211; Allergene<\/h1><div class='special-heading-border'><div class='special-heading-inner-border' ><\/div><\/div><\/div>\n<section class=\"av_textblock_section\"  itemscope=\"itemscope\" itemtype=\"https:\/\/schema.org\/CreativeWork\" ><div class='avia_textblock '   itemprop=\"text\" ><p>Gehen Sie das Thema Schimmel in Innenr\u00e4umen gem\u00e4ss Empfehlung des BAG an:<br \/>\n<strong>&#8222;Weil mikrobielle Belastungen nur unter dem Mikroskop sch\u00f6n aussehen&#8220;<\/strong> \/ und ungef\u00e4hlrich sind<\/p>\n<p>Die mikrobiologische Seite der Messtechnik besch\u00e4ftigt sich mit allem, was zwar in der Natur vorkommt (Pilze, Bakterien, Milben und deren Stoffwechselprodukte), aber trotzdem gesundheitssch\u00e4dlich sein kann.<\/p>\n<h4>1) Schimmelpilze sowie deren Sporen und Stoffwechselprodukte<\/h4>\n<p style=\"padding-left: 30px;\">Schimmelpilzbefall ist oft nicht sichtbar, sondern hinter Tapeten, Teppichen oder abgeh\u00e4ngten Decken verborgen. Schwarze Flecken treten nur unter bestimmten Bedingungen auf. Ursache ist eine zu hohe, oft mit der Haut nicht f\u00fchlbare Feuchtigkeit der Baumaterialien. Diese resultiert oft aus unzureichender W\u00e4rmed\u00e4mmung, Baum\u00e4ngeln, Wassersch\u00e4den, verschlossenen Entl\u00fcftungen von fensterlosen B\u00e4dern und manchmal auch aus mangelhafter L\u00fcftung oder Beheizung.<br \/>\n<a href=\"http:\/\/nachhaltigkeit-ingna.ch\/wp-content\/uploads\/2015\/01\/Fotolia_63535589_XS.jpg\"><img loading=\"lazy\" decoding=\"async\" class=\"alignnone wp-image-981 size-square\" src=\"http:\/\/nachhaltigkeit-ingna.ch\/wp-content\/uploads\/2015\/01\/Fotolia_63535589_XS-180x180.jpg\" alt=\"Pilze, Schimmelpilze sowie deren Sporen und Stoffwechselprodukte - aspergillus mold - Messtechnik - ingna\" width=\"180\" height=\"180\" \/><\/a><\/p>\n<p class=\"content-view-title\" style=\"padding-left: 30px;\">Schimmelpilze sowie deren Sporen und Stoffwechselprodukte &#8211; aspergillus mold<\/p>\n<h4>2) Hefepilze und deren Stoffwechselprodukte<\/h4>\n<p style=\"padding-left: 30px;\"><a href=\"http:\/\/nachhaltigkeit-ingna.ch\/wp-content\/uploads\/2015\/01\/fotolia_60978305.jpg\"><img loading=\"lazy\" decoding=\"async\" class=\" size-square wp-image-983 alignnone\" src=\"http:\/\/nachhaltigkeit-ingna.ch\/wp-content\/uploads\/2015\/01\/fotolia_60978305-180x180.jpg\" alt=\"Petri dish\" width=\"180\" height=\"180\" \/><\/a><\/p>\n<p style=\"padding-left: 30px;\">Petrischale nach Keimung im Brutschrank (Schimmelpilze und Hefen)<\/p>\n<h4>3) Bakterien und deren Stoffwechselprodukte<\/h4>\n<p style=\"padding-left: 30px;\"><a href=\"http:\/\/nachhaltigkeit-ingna.ch\/wp-content\/uploads\/2015\/01\/20242536_m.jpg\"><img loading=\"lazy\" decoding=\"async\" class=\" size-square wp-image-982 alignnone\" src=\"http:\/\/nachhaltigkeit-ingna.ch\/wp-content\/uploads\/2015\/01\/20242536_m-180x180.jpg\" alt=\"20242536_m\" width=\"180\" height=\"180\" \/><\/a><\/p>\n<h4>4) Hausstaubmilben und andere Allergene<\/h4>\n<p style=\"text-align: left; padding-left: 30px;\"><a href=\"http:\/\/nachhaltigkeit-ingna.ch\/wp-content\/uploads\/2015\/01\/26686687_m.jpg\"><img loading=\"lazy\" decoding=\"async\" class=\" size-square wp-image-986 alignnone\" src=\"http:\/\/nachhaltigkeit-ingna.ch\/wp-content\/uploads\/2015\/01\/26686687_m-180x180.jpg\" alt=\"26686687_m\" width=\"180\" height=\"180\" \/><\/a><\/p>\n<p style=\"text-align: left; padding-left: 30px;\">medizinisch 3d &#8211; typische Staubmilbe<\/p>\n<h4>5) Sch\u00e4dlinge &#8211; was kriecht denn da?<\/h4>\n<p><img loading=\"lazy\" decoding=\"async\" class=\"alignnone wp-image-3943 size-square\" src=\"http:\/\/www.nachhaltigkeit-ingna.ch\/wordpress\/wp-content\/uploads\/2022\/11\/96DB-ggwnat-Laufkaeferlarve-180x180.jpg\" alt=\"Sch\u00e4dlinge im Haus; was krabbelt denn da?\" width=\"180\" height=\"180\" \/><\/p>\n<p>=&gt; wir analysieren die biologischen Merkmale Ihrer ungeliebten Hausbewohner und k\u00f6nnen Ihnen die <a href=\"https:\/\/www.giftfreie-schaedlingsbekaempfung.de\/\">giftfreie<\/a> Methode des dauerhaften Entfernens nennen.<\/p>\n<p>Sie wollen, dass es gar nicht so weit kommt? Kein Befall im Haus?<br \/>\nPr\u00e4ventiv bieten wir Ihnen ein <a href=\"https:\/\/www.nachhaltigkeit-ingna.ch\/wordpress\/bauberatung\/raummonitoring-airthings\/\">Monitoring<\/a> an. Dauermessungen der R\u00e4ume in 24h\/7d und Auswertung durch Sie oder durch uns! <a href=\"https:\/\/www.nachhaltigkeit-ingna.ch\/wordpress\/bauberatung\/raummonitoring-airthings\/\">Airthing for business<\/a> die L\u00f6sung f\u00fcr viele Raumfragen.<\/p>\n<\/div><\/section>\n","protected":false},"excerpt":{"rendered":"","protected":false},"author":4,"featured_media":0,"parent":14,"menu_order":0,"comment_status":"open","ping_status":"open","template":"","meta":{"footnotes":""},"_links":{"self":[{"href":"https:\/\/www.nachhaltigkeit-ingna.ch\/wordpress\/wp-json\/wp\/v2\/pages\/1037"}],"collection":[{"href":"https:\/\/www.nachhaltigkeit-ingna.ch\/wordpress\/wp-json\/wp\/v2\/pages"}],"about":[{"href":"https:\/\/www.nachhaltigkeit-ingna.ch\/wordpress\/wp-json\/wp\/v2\/types\/page"}],"author":[{"embeddable":true,"href":"https:\/\/www.nachhaltigkeit-ingna.ch\/wordpress\/wp-json\/wp\/v2\/users\/4"}],"replies":[{"embeddable":true,"href":"https:\/\/www.nachhaltigkeit-ingna.ch\/wordpress\/wp-json\/wp\/v2\/comments?post=1037"}],"version-history":[{"count":16,"href":"https:\/\/www.nachhaltigkeit-ingna.ch\/wordpress\/wp-json\/wp\/v2\/pages\/1037\/revisions"}],"predecessor-version":[{"id":3996,"href":"https:\/\/www.nachhaltigkeit-ingna.ch\/wordpress\/wp-json\/wp\/v2\/pages\/1037\/revisions\/3996"}],"up":[{"embeddable":true,"href":"https:\/\/www.nachhaltigkeit-ingna.ch\/wordpress\/wp-json\/wp\/v2\/pages\/14"}],"wp:attachment":[{"href":"https:\/\/www.nachhaltigkeit-ingna.ch\/wordpress\/wp-json\/wp\/v2\/media?parent=1037"}],"curies":[{"name":"wp","href":"https:\/\/api.w.org\/{rel}","templated":true}]}}