{"id":1015,"date":"2015-01-05T09:06:31","date_gmt":"2015-01-05T09:06:31","guid":{"rendered":"http:\/\/www.nachhaltigkeit-ingna.ch\/wordpress\/wordpress\/wordpress\/wordpress?page_id=1015"},"modified":"2024-06-10T09:55:06","modified_gmt":"2024-06-10T07:55:06","slug":"wohngifte","status":"publish","type":"page","link":"https:\/\/www.nachhaltigkeit-ingna.ch\/wordpress\/messtechnik\/wohngifte\/","title":{"rendered":"B) Wohngifte \u2013 Schadstoffe \u2013 Raumklima"},"content":{"rendered":"<div style='padding-bottom:10px;' class='av-special-heading av-special-heading-h1  blockquote modern-quote  '><h1 class='av-special-heading-tag'  itemprop=\"headline\"  >B) Wohngifte &#8211; Schadstoffe &#8211; Raumklima<\/h1><div class='special-heading-border'><div class='special-heading-inner-border' ><\/div><\/div><\/div>\n<section class=\"av_textblock_section\"  itemscope=\"itemscope\" itemtype=\"https:\/\/schema.org\/CreativeWork\" ><div class='avia_textblock '  style='font-size:20px; '  itemprop=\"text\" ><p>Unsere Messtechnik erfasst die chemischen Komponenten, die die Luftqualit\u00e4t in Ihren R\u00e4umen durch Wohngifte und Schadstoffe negativ beeinflusst. Neben Emissionen von k\u00fcnstlich erzeugten Produkten wie z.B. Asbest, Formaldehyd oder Holzschutzmitteln werden auch subtil wirkende chemische Produkte (Stinker) aufgedeckt.<\/p>\n<p><em><strong>==&gt; alle diese Messungen (1-6) haben an Kundenanfragen derart zugenommen, dass wir ab Juni 2024 ein Partnerschaft mit einem Gross-Ingenieurb\u00fcro eingehen werden, wo bereits etliche Probenehmer die Schulung erhalten.<br \/>\nWir informieren sogleich nach Vertragsabschluss &lt;==<\/strong><\/em><\/p>\n<p>Zu diesem Teil der geb\u00e4ude-diagnostischen Messtechnik geh\u00f6ren:<\/p>\n<h4>1) Formaldehyd und andere giftige Gase<\/h4>\n<p>wie Ozon, Chlor, Stadt- und Industriegase, Erdgas, Kohlenmonoxid, Stickstoffdioxid, Verbrennungsgase<\/p>\n<h4>2)\u00a0L\u00f6semittel und andere fl\u00fcchtige Schadstoffe (VOC)<\/h4>\n<p>wie Aldehyde, Aliphaten, Cycloalkane, Alkohole, Amine, Aromaten, CKW, Ester, Ether, Glykole, Isocyanate, Ketone, Terpene<\/p>\n<h4>3) Biozide und andere schwerfl\u00fcchtige Schadstoffe<\/h4>\n<p>wie Pestizide, Insektizide, Fungizide, Holzschutzmittel, Pyrethroide, Flammschutzmittel, Weichmacher, PCB, PAK, Dioxine<\/p>\n<h4>4) Schwermetalle und andere anorganische Schadstoffe<\/h4>\n<p>wie Metallverbindungen, Salze<\/p>\n<h4>5) Partikel und Fasern<\/h4>\n<p>wie Staub, Schwebstoffe, Asbest, Mineralfasern etc.<\/p>\n<h4>6) Raumklima<\/h4>\n<p>Temperatur, Feuchte, Kohlendioxid, Luftionen, Ger\u00fcche etc.<\/p>\n<p>Diese und noch mehr Parameter auch in <a href=\"https:\/\/www.nachhaltigkeit-ingna.ch\/bauberatung\/raummonitoring-airthings\/\">Dauermessung\/Raummonitoring<\/a> zu Ihrer Sicherheit als 24\/7 Protokollierung.<\/p>\n<\/div><\/section>\n","protected":false},"excerpt":{"rendered":"","protected":false},"author":4,"featured_media":394,"parent":14,"menu_order":0,"comment_status":"open","ping_status":"open","template":"","meta":{"footnotes":""},"_links":{"self":[{"href":"https:\/\/www.nachhaltigkeit-ingna.ch\/wordpress\/wp-json\/wp\/v2\/pages\/1015"}],"collection":[{"href":"https:\/\/www.nachhaltigkeit-ingna.ch\/wordpress\/wp-json\/wp\/v2\/pages"}],"about":[{"href":"https:\/\/www.nachhaltigkeit-ingna.ch\/wordpress\/wp-json\/wp\/v2\/types\/page"}],"author":[{"embeddable":true,"href":"https:\/\/www.nachhaltigkeit-ingna.ch\/wordpress\/wp-json\/wp\/v2\/users\/4"}],"replies":[{"embeddable":true,"href":"https:\/\/www.nachhaltigkeit-ingna.ch\/wordpress\/wp-json\/wp\/v2\/comments?post=1015"}],"version-history":[{"count":17,"href":"https:\/\/www.nachhaltigkeit-ingna.ch\/wordpress\/wp-json\/wp\/v2\/pages\/1015\/revisions"}],"predecessor-version":[{"id":4191,"href":"https:\/\/www.nachhaltigkeit-ingna.ch\/wordpress\/wp-json\/wp\/v2\/pages\/1015\/revisions\/4191"}],"up":[{"embeddable":true,"href":"https:\/\/www.nachhaltigkeit-ingna.ch\/wordpress\/wp-json\/wp\/v2\/pages\/14"}],"wp:featuredmedia":[{"embeddable":true,"href":"https:\/\/www.nachhaltigkeit-ingna.ch\/wordpress\/wp-json\/wp\/v2\/media\/394"}],"wp:attachment":[{"href":"https:\/\/www.nachhaltigkeit-ingna.ch\/wordpress\/wp-json\/wp\/v2\/media?parent=1015"}],"curies":[{"name":"wp","href":"https:\/\/api.w.org\/{rel}","templated":true}]}}